{"id":99,"date":"2022-10-19T16:27:30","date_gmt":"2022-10-19T14:27:30","guid":{"rendered":"http:\/\/proteome.u-bordeaux.fr\/?page_id=99"},"modified":"2024-02-02T09:31:09","modified_gmt":"2024-02-02T08:31:09","slug":"formation","status":"publish","type":"page","link":"https:\/\/proteome.u-bordeaux.fr\/en\/formation\/","title":{"rendered":"Training"},"content":{"rendered":"<p class=\"has-text-align-justify justification_texte\">Bordeaux Proteome regularly offers practical and\/or theoretical training for the student and scientific community.<\/p>\n\n\n\n<p class=\"has-text-align-justify justification_texte\">The points discussed during these days relate to the technologies offered on our site, namely: the separation of proteins via the various electrophoretic techniques available, the analysis of gel images, the identification, characterization and quantification of proteins by spectrometry of mass and bioinformatics analysis of data.<\/p>\n\n\n\n<p class=\"has-text-align-justify justification_texte\">Our audience is made up of: middle and high school students, students (BTS, Masters, Doctoral students) and staff from the scientific community (technicians, engineers, researchers, post-docs, etc.).<\/p>\n\n\n\n<p class=\"has-text-align-justify justification_texte\">We are ready to welcome interested people and adapt the content and duration of the training on a case-by-case basis.<\/p>\n\n\n\n<p class=\"justification_texte\">Training examples<\/p>\n\n\n\n<ul class=\"wp-block-list\">\n<li class=\"justification_texte\">User day: welcome of researchers for presentation of the activities of the platform and discussion around scientific projects and their feasibility<\/li>\n\n\n\n<li class=\"justification_texte\">Training from 2 days to a week around separation techniques and\/or mass spectrometry and bioinformatics techniques for protein analysis<\/li>\n\n\n\n<li class=\"justification_texte\">Practical work (duration 3 days) for students of the National School of Biomolecular Technology in Bordeaux<\/li>\n\n\n\n<li class=\"justification_texte\">Reception of trainees of variable duration<\/li>\n<\/ul>\n\n\n\n<p class=\"has-text-align-justify justification_texte translation-block\">If you are interested, do not hesitate to contact <a href=\"mailto:stephane.claverol@u-bordeaux.fr\" target=\"_self\">St\u00e9phane Claverol<\/a> who will get back to you as soon as possible.<\/p>","protected":false},"excerpt":{"rendered":"<p>La Plateforme Bordeaux Proteome propose r\u00e9guli\u00e8rement des formations pratiques et ou th\u00e9oriques \u00e0 destination de la communaut\u00e9 \u00e9tudiante et scientifique. Les points abord\u00e9s lors de ces journ\u00e9es portent sur les technologies propos\u00e9es sur notre site \u00e0 savoir : la s\u00e9paration des prot\u00e9ines via les diff\u00e9rentes techniques \u00e9lectrophor\u00e9tiques disponibles, l&rsquo;analyse des [&hellip;]<\/p>\n","protected":false},"author":1,"featured_media":0,"parent":0,"menu_order":0,"comment_status":"closed","ping_status":"closed","template":"page-templates\/template-page-sidebar.php","meta":{"footnotes":""},"class_list":["post-99","page","type-page","status-publish","hentry"],"aioseo_notices":[],"jetpack-related-posts":[],"jetpack_sharing_enabled":true,"_links":{"self":[{"href":"https:\/\/proteome.u-bordeaux.fr\/en\/wp-json\/wp\/v2\/pages\/99","targetHints":{"allow":["GET"]}}],"collection":[{"href":"https:\/\/proteome.u-bordeaux.fr\/en\/wp-json\/wp\/v2\/pages"}],"about":[{"href":"https:\/\/proteome.u-bordeaux.fr\/en\/wp-json\/wp\/v2\/types\/page"}],"author":[{"embeddable":true,"href":"https:\/\/proteome.u-bordeaux.fr\/en\/wp-json\/wp\/v2\/users\/1"}],"replies":[{"embeddable":true,"href":"https:\/\/proteome.u-bordeaux.fr\/en\/wp-json\/wp\/v2\/comments?post=99"}],"version-history":[{"count":12,"href":"https:\/\/proteome.u-bordeaux.fr\/en\/wp-json\/wp\/v2\/pages\/99\/revisions"}],"predecessor-version":[{"id":1594,"href":"https:\/\/proteome.u-bordeaux.fr\/en\/wp-json\/wp\/v2\/pages\/99\/revisions\/1594"}],"wp:attachment":[{"href":"https:\/\/proteome.u-bordeaux.fr\/en\/wp-json\/wp\/v2\/media?parent=99"}],"curies":[{"name":"wp","href":"https:\/\/api.w.org\/{rel}","templated":true}]}}