{"id":97,"date":"2022-10-19T16:27:30","date_gmt":"2022-10-19T14:27:30","guid":{"rendered":"http:\/\/proteome.u-bordeaux.fr\/?page_id=97"},"modified":"2024-02-05T15:49:39","modified_gmt":"2024-02-05T14:49:39","slug":"instruments","status":"publish","type":"page","link":"https:\/\/proteome.u-bordeaux.fr\/en\/instruments\/","title":{"rendered":"Instruments"},"content":{"rendered":"\n<div class=\"wp-block-jetpack-tiled-gallery aligncenter is-style-rectangular\"><div class=\"tiled-gallery__gallery\"><div class=\"tiled-gallery__row\"><div class=\"tiled-gallery__col\" style=\"flex-basis:68.12564%\"><figure class=\"tiled-gallery__item\"><img decoding=\"async\" srcset=\"https:\/\/i2.wp.com\/proteome.u-bordeaux.fr\/wp-content\/uploads\/2022\/10\/ITW_Caroline_Tokarski-019-1024x682.jpg?strip=info&#038;w=600&#038;ssl=1 600w,https:\/\/i2.wp.com\/proteome.u-bordeaux.fr\/wp-content\/uploads\/2022\/10\/ITW_Caroline_Tokarski-019-1024x682.jpg?strip=info&#038;w=900&#038;ssl=1 900w,https:\/\/i2.wp.com\/proteome.u-bordeaux.fr\/wp-content\/uploads\/2022\/10\/ITW_Caroline_Tokarski-019-1024x682.jpg?strip=info&#038;w=1200&#038;ssl=1 1200w,https:\/\/i2.wp.com\/proteome.u-bordeaux.fr\/wp-content\/uploads\/2022\/10\/ITW_Caroline_Tokarski-019-1024x682.jpg?strip=info&#038;w=1500&#038;ssl=1 1500w,https:\/\/i2.wp.com\/proteome.u-bordeaux.fr\/wp-content\/uploads\/2022\/10\/ITW_Caroline_Tokarski-019-1024x682.jpg?strip=info&#038;w=1800&#038;ssl=1 1800w,https:\/\/i2.wp.com\/proteome.u-bordeaux.fr\/wp-content\/uploads\/2022\/10\/ITW_Caroline_Tokarski-019-1024x682.jpg?strip=info&#038;w=2000&#038;ssl=1 2000w\" alt=\"\" data-height=\"1664\" data-id=\"519\" data-link=\"https:\/\/proteome.u-bordeaux.fr\/itw_caroline_tokarski-019\/\" data-url=\"https:\/\/proteome.u-bordeaux.fr\/wp-content\/uploads\/2022\/10\/ITW_Caroline_Tokarski-019-1024x682.jpg\" data-width=\"2500\" src=\"https:\/\/i2.wp.com\/proteome.u-bordeaux.fr\/wp-content\/uploads\/2022\/10\/ITW_Caroline_Tokarski-019-1024x682.jpg?ssl=1\" data-amp-layout=\"responsive\"\/><\/figure><\/div><div class=\"tiled-gallery__col\" style=\"flex-basis:31.87436%\"><figure class=\"tiled-gallery__item\"><img decoding=\"async\" srcset=\"https:\/\/i0.wp.com\/proteome.u-bordeaux.fr\/wp-content\/uploads\/2022\/10\/ITW_Caroline_Tokarski-094-1024x682.jpg?strip=info&#038;w=600&#038;ssl=1 600w,https:\/\/i0.wp.com\/proteome.u-bordeaux.fr\/wp-content\/uploads\/2022\/10\/ITW_Caroline_Tokarski-094-1024x682.jpg?strip=info&#038;w=900&#038;ssl=1 900w,https:\/\/i0.wp.com\/proteome.u-bordeaux.fr\/wp-content\/uploads\/2022\/10\/ITW_Caroline_Tokarski-094-1024x682.jpg?strip=info&#038;w=1200&#038;ssl=1 1200w,https:\/\/i0.wp.com\/proteome.u-bordeaux.fr\/wp-content\/uploads\/2022\/10\/ITW_Caroline_Tokarski-094-1024x682.jpg?strip=info&#038;w=1500&#038;ssl=1 1500w,https:\/\/i0.wp.com\/proteome.u-bordeaux.fr\/wp-content\/uploads\/2022\/10\/ITW_Caroline_Tokarski-094-1024x682.jpg?strip=info&#038;w=1800&#038;ssl=1 1800w,https:\/\/i0.wp.com\/proteome.u-bordeaux.fr\/wp-content\/uploads\/2022\/10\/ITW_Caroline_Tokarski-094-1024x682.jpg?strip=info&#038;w=2000&#038;ssl=1 2000w\" alt=\"\" data-height=\"1664\" data-id=\"520\" data-link=\"https:\/\/proteome.u-bordeaux.fr\/itw_caroline_tokarski-094\/\" data-url=\"https:\/\/proteome.u-bordeaux.fr\/wp-content\/uploads\/2022\/10\/ITW_Caroline_Tokarski-094-1024x682.jpg\" data-width=\"2500\" src=\"https:\/\/i0.wp.com\/proteome.u-bordeaux.fr\/wp-content\/uploads\/2022\/10\/ITW_Caroline_Tokarski-094-1024x682.jpg?ssl=1\" data-amp-layout=\"responsive\"\/><\/figure><figure class=\"tiled-gallery__item\"><img decoding=\"async\" srcset=\"https:\/\/i2.wp.com\/proteome.u-bordeaux.fr\/wp-content\/uploads\/2022\/10\/P1000125-1024x768.jpg?strip=info&#038;w=600&#038;ssl=1 600w,https:\/\/i2.wp.com\/proteome.u-bordeaux.fr\/wp-content\/uploads\/2022\/10\/P1000125-1024x768.jpg?strip=info&#038;w=900&#038;ssl=1 900w,https:\/\/i2.wp.com\/proteome.u-bordeaux.fr\/wp-content\/uploads\/2022\/10\/P1000125-1024x768.jpg?strip=info&#038;w=1200&#038;ssl=1 1200w,https:\/\/i2.wp.com\/proteome.u-bordeaux.fr\/wp-content\/uploads\/2022\/10\/P1000125-1024x768.jpg?strip=info&#038;w=1500&#038;ssl=1 1500w,https:\/\/i2.wp.com\/proteome.u-bordeaux.fr\/wp-content\/uploads\/2022\/10\/P1000125-1024x768.jpg?strip=info&#038;w=1800&#038;ssl=1 1800w,https:\/\/i2.wp.com\/proteome.u-bordeaux.fr\/wp-content\/uploads\/2022\/10\/P1000125-1024x768.jpg?strip=info&#038;w=2000&#038;ssl=1 2000w\" alt=\"\" data-height=\"1920\" data-id=\"521\" data-link=\"https:\/\/proteome.u-bordeaux.fr\/p1000125\/\" data-url=\"https:\/\/proteome.u-bordeaux.fr\/wp-content\/uploads\/2022\/10\/P1000125-1024x768.jpg\" data-width=\"2560\" src=\"https:\/\/i2.wp.com\/proteome.u-bordeaux.fr\/wp-content\/uploads\/2022\/10\/P1000125-1024x768.jpg?ssl=1\" data-amp-layout=\"responsive\"\/><\/figure><\/div><\/div><div class=\"tiled-gallery__row\"><div class=\"tiled-gallery__col\" style=\"flex-basis:33.33333%\"><figure class=\"tiled-gallery__item\"><img decoding=\"async\" srcset=\"https:\/\/i2.wp.com\/proteome.u-bordeaux.fr\/wp-content\/uploads\/2022\/10\/P1070689-1024x768.jpg?strip=info&#038;w=600&#038;ssl=1 600w,https:\/\/i2.wp.com\/proteome.u-bordeaux.fr\/wp-content\/uploads\/2022\/10\/P1070689-1024x768.jpg?strip=info&#038;w=900&#038;ssl=1 900w,https:\/\/i2.wp.com\/proteome.u-bordeaux.fr\/wp-content\/uploads\/2022\/10\/P1070689-1024x768.jpg?strip=info&#038;w=1200&#038;ssl=1 1200w,https:\/\/i2.wp.com\/proteome.u-bordeaux.fr\/wp-content\/uploads\/2022\/10\/P1070689-1024x768.jpg?strip=info&#038;w=1500&#038;ssl=1 1500w,https:\/\/i2.wp.com\/proteome.u-bordeaux.fr\/wp-content\/uploads\/2022\/10\/P1070689-1024x768.jpg?strip=info&#038;w=1800&#038;ssl=1 1800w,https:\/\/i2.wp.com\/proteome.u-bordeaux.fr\/wp-content\/uploads\/2022\/10\/P1070689-1024x768.jpg?strip=info&#038;w=2000&#038;ssl=1 2000w\" alt=\"\" data-height=\"1920\" data-id=\"529\" data-link=\"https:\/\/proteome.u-bordeaux.fr\/p1070689\/\" data-url=\"https:\/\/proteome.u-bordeaux.fr\/wp-content\/uploads\/2022\/10\/P1070689-1024x768.jpg\" data-width=\"2560\" src=\"https:\/\/i2.wp.com\/proteome.u-bordeaux.fr\/wp-content\/uploads\/2022\/10\/P1070689-1024x768.jpg?ssl=1\" data-amp-layout=\"responsive\"\/><\/figure><\/div><div class=\"tiled-gallery__col\" style=\"flex-basis:33.33333%\"><figure class=\"tiled-gallery__item\"><img decoding=\"async\" srcset=\"https:\/\/i1.wp.com\/proteome.u-bordeaux.fr\/wp-content\/uploads\/2022\/10\/P1050812-1024x768.jpg?strip=info&#038;w=600&#038;ssl=1 600w,https:\/\/i1.wp.com\/proteome.u-bordeaux.fr\/wp-content\/uploads\/2022\/10\/P1050812-1024x768.jpg?strip=info&#038;w=900&#038;ssl=1 900w,https:\/\/i1.wp.com\/proteome.u-bordeaux.fr\/wp-content\/uploads\/2022\/10\/P1050812-1024x768.jpg?strip=info&#038;w=1200&#038;ssl=1 1200w,https:\/\/i1.wp.com\/proteome.u-bordeaux.fr\/wp-content\/uploads\/2022\/10\/P1050812-1024x768.jpg?strip=info&#038;w=1500&#038;ssl=1 1500w,https:\/\/i1.wp.com\/proteome.u-bordeaux.fr\/wp-content\/uploads\/2022\/10\/P1050812-1024x768.jpg?strip=info&#038;w=1800&#038;ssl=1 1800w,https:\/\/i1.wp.com\/proteome.u-bordeaux.fr\/wp-content\/uploads\/2022\/10\/P1050812-1024x768.jpg?strip=info&#038;w=2000&#038;ssl=1 2000w\" alt=\"\" data-height=\"1920\" data-id=\"528\" data-link=\"https:\/\/proteome.u-bordeaux.fr\/p1050812\/\" data-url=\"https:\/\/proteome.u-bordeaux.fr\/wp-content\/uploads\/2022\/10\/P1050812-1024x768.jpg\" data-width=\"2560\" src=\"https:\/\/i1.wp.com\/proteome.u-bordeaux.fr\/wp-content\/uploads\/2022\/10\/P1050812-1024x768.jpg?ssl=1\" data-amp-layout=\"responsive\"\/><\/figure><\/div><div class=\"tiled-gallery__col\" style=\"flex-basis:33.33333%\"><figure class=\"tiled-gallery__item\"><img decoding=\"async\" srcset=\"https:\/\/i0.wp.com\/proteome.u-bordeaux.fr\/wp-content\/uploads\/2022\/10\/P1050794-1024x768.jpg?strip=info&#038;w=600&#038;ssl=1 600w,https:\/\/i0.wp.com\/proteome.u-bordeaux.fr\/wp-content\/uploads\/2022\/10\/P1050794-1024x768.jpg?strip=info&#038;w=900&#038;ssl=1 900w,https:\/\/i0.wp.com\/proteome.u-bordeaux.fr\/wp-content\/uploads\/2022\/10\/P1050794-1024x768.jpg?strip=info&#038;w=1200&#038;ssl=1 1200w,https:\/\/i0.wp.com\/proteome.u-bordeaux.fr\/wp-content\/uploads\/2022\/10\/P1050794-1024x768.jpg?strip=info&#038;w=1500&#038;ssl=1 1500w,https:\/\/i0.wp.com\/proteome.u-bordeaux.fr\/wp-content\/uploads\/2022\/10\/P1050794-1024x768.jpg?strip=info&#038;w=1800&#038;ssl=1 1800w,https:\/\/i0.wp.com\/proteome.u-bordeaux.fr\/wp-content\/uploads\/2022\/10\/P1050794-1024x768.jpg?strip=info&#038;w=2000&#038;ssl=1 2000w\" alt=\"\" data-height=\"1920\" data-id=\"527\" data-link=\"https:\/\/proteome.u-bordeaux.fr\/p1050794\/\" data-url=\"https:\/\/proteome.u-bordeaux.fr\/wp-content\/uploads\/2022\/10\/P1050794-1024x768.jpg\" data-width=\"2560\" src=\"https:\/\/i0.wp.com\/proteome.u-bordeaux.fr\/wp-content\/uploads\/2022\/10\/P1050794-1024x768.jpg?ssl=1\" data-amp-layout=\"responsive\"\/><\/figure><\/div><\/div><div class=\"tiled-gallery__row\"><div class=\"tiled-gallery__col\" style=\"flex-basis:43.42073%\"><figure class=\"tiled-gallery__item\"><img decoding=\"async\" srcset=\"https:\/\/i0.wp.com\/proteome.u-bordeaux.fr\/wp-content\/uploads\/2022\/10\/P1050792-1024x768.jpg?strip=info&#038;w=600&#038;ssl=1 600w,https:\/\/i0.wp.com\/proteome.u-bordeaux.fr\/wp-content\/uploads\/2022\/10\/P1050792-1024x768.jpg?strip=info&#038;w=900&#038;ssl=1 900w,https:\/\/i0.wp.com\/proteome.u-bordeaux.fr\/wp-content\/uploads\/2022\/10\/P1050792-1024x768.jpg?strip=info&#038;w=1200&#038;ssl=1 1200w,https:\/\/i0.wp.com\/proteome.u-bordeaux.fr\/wp-content\/uploads\/2022\/10\/P1050792-1024x768.jpg?strip=info&#038;w=1500&#038;ssl=1 1500w,https:\/\/i0.wp.com\/proteome.u-bordeaux.fr\/wp-content\/uploads\/2022\/10\/P1050792-1024x768.jpg?strip=info&#038;w=1800&#038;ssl=1 1800w,https:\/\/i0.wp.com\/proteome.u-bordeaux.fr\/wp-content\/uploads\/2022\/10\/P1050792-1024x768.jpg?strip=info&#038;w=2000&#038;ssl=1 2000w\" alt=\"\" data-height=\"1920\" data-id=\"526\" data-link=\"https:\/\/proteome.u-bordeaux.fr\/p1050792\/\" data-url=\"https:\/\/proteome.u-bordeaux.fr\/wp-content\/uploads\/2022\/10\/P1050792-1024x768.jpg\" data-width=\"2560\" src=\"https:\/\/i0.wp.com\/proteome.u-bordeaux.fr\/wp-content\/uploads\/2022\/10\/P1050792-1024x768.jpg?ssl=1\" data-amp-layout=\"responsive\"\/><\/figure><\/div><div class=\"tiled-gallery__col\" style=\"flex-basis:56.57927%\"><figure class=\"tiled-gallery__item\"><img decoding=\"async\" srcset=\"https:\/\/i0.wp.com\/proteome.u-bordeaux.fr\/wp-content\/uploads\/2022\/10\/cropped-IMGP2447-1-scaled-1-1024x589.jpg?strip=info&#038;w=600&#038;ssl=1 600w,https:\/\/i0.wp.com\/proteome.u-bordeaux.fr\/wp-content\/uploads\/2022\/10\/cropped-IMGP2447-1-scaled-1-1024x589.jpg?strip=info&#038;w=900&#038;ssl=1 900w,https:\/\/i0.wp.com\/proteome.u-bordeaux.fr\/wp-content\/uploads\/2022\/10\/cropped-IMGP2447-1-scaled-1-1024x589.jpg?strip=info&#038;w=1200&#038;ssl=1 1200w,https:\/\/i0.wp.com\/proteome.u-bordeaux.fr\/wp-content\/uploads\/2022\/10\/cropped-IMGP2447-1-scaled-1-1024x589.jpg?strip=info&#038;w=1500&#038;ssl=1 1500w,https:\/\/i0.wp.com\/proteome.u-bordeaux.fr\/wp-content\/uploads\/2022\/10\/cropped-IMGP2447-1-scaled-1-1024x589.jpg?strip=info&#038;w=1800&#038;ssl=1 1800w,https:\/\/i0.wp.com\/proteome.u-bordeaux.fr\/wp-content\/uploads\/2022\/10\/cropped-IMGP2447-1-scaled-1-1024x589.jpg?strip=info&#038;w=2000&#038;ssl=1 2000w\" alt=\"\" data-height=\"1150\" data-id=\"536\" data-link=\"https:\/\/proteome.u-bordeaux.fr\/cropped-imgp2447-1-scaled-1-jpg\/\" data-url=\"https:\/\/proteome.u-bordeaux.fr\/wp-content\/uploads\/2022\/10\/cropped-IMGP2447-1-scaled-1-1024x589.jpg\" data-width=\"2000\" src=\"https:\/\/i0.wp.com\/proteome.u-bordeaux.fr\/wp-content\/uploads\/2022\/10\/cropped-IMGP2447-1-scaled-1-1024x589.jpg?ssl=1\" data-amp-layout=\"responsive\"\/><\/figure><\/div><\/div><\/div><\/div>\n\n\n\n<h2 class=\"wp-block-heading\">Spectrom\u00e8tres de masse<\/h2>\n\n\n\n<ul class=\"wp-block-list\">\n<li><strong>Orbitrap Eclipse<\/strong><br>Vanquish Neo + <a href=\"https:\/\/www.thermofisher.com\/fr\/fr\/home\/industrial\/mass-spectrometry\/liquid-chromatography-mass-spectrometry-lc-ms\/lc-ms-systems\/orbitrap-lc-ms\/orbitrap-tribrid-mass-spectrometers\/orbitrap-eclipse-tribrid-mass-spectrometer.html\" target=\"_blank\" rel=\"noreferrer noopener\">Orbitrap Eclipse<\/a> (Thermo Scientific). [UVPD], [ETD], [FAIMS], [HMR], [PTCR].<br>Op\u00e9rationnel \u00e9t\u00e9 2022.<\/li>\n<\/ul>\n\n\n\n<ul class=\"wp-block-list\">\n<li><strong>Orbitrap Fusion Lumos<\/strong><br>U3000-RSLC + <a href=\"https:\/\/www.thermofisher.com\/fr\/fr\/home\/industrial\/mass-spectrometry\/liquid-chromatography-mass-spectrometry-lc-ms\/lc-ms-systems\/orbitrap-lc-ms\/orbitrap-tribrid-mass-spectrometers\/orbitrap-fusion-lumos-mass-spectrometer.html\" target=\"_blank\" rel=\"noreferrer noopener\">Orbitrap Fusion Lumos<\/a> (Thermo Scientific). [ETD].<br>Op\u00e9rationnel depuis 2017.<br>&nbsp;<\/li>\n\n\n\n<li><strong>AP-SMALDI5 AF Q-Exactive<\/strong><br>Source AP-MALDI (TransMIT)&nbsp;+ <a href=\"https:\/\/www.thermofisher.com\/fr\/fr\/home\/industrial\/mass-spectrometry\/liquid-chromatography-mass-spectrometry-lc-ms\/lc-ms-systems\/orbitrap-lc-ms\/q-exactive-orbitrap-mass-spectrometers.html\">Q-Exactive<\/a> (Thermo Scientific).<br>Op\u00e9rationnel depuis 2013 (Q-Exactive) et depuis 2019 (Source MALDI).<br>&nbsp;<\/li>\n\n\n\n<li><strong>LTQ Orbitrap XL ETD<\/strong><br>U3000 (Dionex)\/Automate HDX (LEAP) + <a href=\"http:\/\/planetorbitrap.com\/ltq-orbitrap-xl\" target=\"_blank\" rel=\"noreferrer noopener\">LTQ Orbitrap XL ETD<\/a> (Thermo Scientific).<br>Op\u00e9rationnel depuis 2009.<br>&nbsp;<\/li>\n\n\n\n<li><strong>Q-TRAP 5500<\/strong><br>Nexera XR (Shimadzu)&nbsp;+ <a href=\"https:\/\/sciex.com\/products\/mass-spectrometers\/qtrap-systems\/qtrap-5500-system\" target=\"_blank\" rel=\"noreferrer noopener\">QTRAP 5500 System<\/a> (AB Sciex).<br>Op\u00e9rationnel depuis 2009<br>&nbsp;<\/li>\n\n\n\n<li><strong>MALDI-TOF-TOF<\/strong><br>Ultraflex III TOF-TOF (Bruker Daltonics) + D\u00e9tecteur Haute Masse HM4 (CovalX).<br>Op\u00e9rationnel depuis 2008.<\/li>\n\n\n\n<li><strong>Q-TOF Premier<\/strong><br>U3000-RSLC (Thermo Scientific) + Q-TOF premier (Waters Micromass).<br>Op\u00e9rationnel depuis 2006.<\/li>\n\n\n\n<li><strong>Q-TOF Micro<\/strong><br>CapLC&nbsp;+ Q-TOF micro (Waters Micromass).<br>Op\u00e9rationnel depuis 2005<\/li>\n<\/ul>\n\n\n\n<h2 class=\"wp-block-heading\">Bioinformatique<\/h2>\n\n\n\n<ul class=\"wp-block-list\">\n<li>Plateformes bioinformatiques : Proteome Discoverer (Thermo Scientific).<\/li>\n\n\n\n<li>Logiciels d&rsquo;identification\u00a0: Sequest HT (Thermo Scientific), MS Amanda (Thermo Scientific), Mascot (Matrix Science),\u00a0Peaks X (Bioinformatics Solutions Inc), Prosight PD (Thermo Scientific), Chimerys (ThermoScientific).<\/li>\n\n\n\n<li>Logiciels de quantification : Proteome Discoverer (Thermo Scientific).<\/li>\n\n\n\n<li>Logiciels de caract\u00e9risation : Byonic (Protein Metrics).<\/li>\n\n\n\n<li>Logiciels d&rsquo;imagerie : MSiReader, METASPACE.<\/li>\n<\/ul>\n\n\n\n<h2 class=\"wp-block-heading\">Serveurs et stockage<\/h2>\n\n\n\n<ul class=\"wp-block-list\">\n<li>Archivage des donn\u00e9es : 80To RAID 5.<\/li>\n\n\n\n<li>4 serveurs de calcul.<\/li>\n\n\n\n<li>H\u00e9bergement dans salle serveur sous surveillance environnementale.<\/li>\n\n\n\n<li>Duplication quotidienne des donn\u00e9es vers site distant.<\/li>\n<\/ul>\n\n\n\n<h2 class=\"wp-block-heading\">Biochimie des prot\u00e9ines<\/h2>\n\n\n\n<ul class=\"wp-block-list\">\n<li>Syst\u00e8mes d&rsquo;\u00e9lectrophor\u00e8se 1D.<\/li>\n\n\n\n<li>Syst\u00e8mes d&rsquo;\u00e9lectrophor\u00e8se 2D.<\/li>\n\n\n\n<li>Syst\u00e8mes d&rsquo;\u00e9lectrophor\u00e8se liquide : OffGel (Agilent), Rotofor (Biorad), GelFree (Expedeon)<\/li>\n\n\n\n<li>Analyse d&rsquo;images : Scanner \u00e0 fluorescence Pharos FX\u2122 Plus avec external laser molecular imager FX (BioRad), GS-900 Densitom\u00e8tre (BioRad), ImageLab (BioRad)<\/li>\n<\/ul>\n","protected":false},"excerpt":{"rendered":"<p>Spectrom\u00e8tres de masse Bioinformatique Serveurs et stockage Biochimie des prot\u00e9ines<\/p>","protected":false},"author":1,"featured_media":0,"parent":0,"menu_order":0,"comment_status":"closed","ping_status":"closed","template":"","meta":{"footnotes":""},"class_list":["post-97","page","type-page","status-publish","hentry"],"aioseo_notices":[],"jetpack-related-posts":[],"jetpack_sharing_enabled":true,"_links":{"self":[{"href":"https:\/\/proteome.u-bordeaux.fr\/en\/wp-json\/wp\/v2\/pages\/97","targetHints":{"allow":["GET"]}}],"collection":[{"href":"https:\/\/proteome.u-bordeaux.fr\/en\/wp-json\/wp\/v2\/pages"}],"about":[{"href":"https:\/\/proteome.u-bordeaux.fr\/en\/wp-json\/wp\/v2\/types\/page"}],"author":[{"embeddable":true,"href":"https:\/\/proteome.u-bordeaux.fr\/en\/wp-json\/wp\/v2\/users\/1"}],"replies":[{"embeddable":true,"href":"https:\/\/proteome.u-bordeaux.fr\/en\/wp-json\/wp\/v2\/comments?post=97"}],"version-history":[{"count":14,"href":"https:\/\/proteome.u-bordeaux.fr\/en\/wp-json\/wp\/v2\/pages\/97\/revisions"}],"predecessor-version":[{"id":1619,"href":"https:\/\/proteome.u-bordeaux.fr\/en\/wp-json\/wp\/v2\/pages\/97\/revisions\/1619"}],"wp:attachment":[{"href":"https:\/\/proteome.u-bordeaux.fr\/en\/wp-json\/wp\/v2\/media?parent=97"}],"curies":[{"name":"wp","href":"https:\/\/api.w.org\/{rel}","templated":true}]}}