{"id":96,"date":"2022-10-19T16:27:30","date_gmt":"2022-10-19T14:27:30","guid":{"rendered":"http:\/\/proteome.u-bordeaux.fr\/?page_id=96"},"modified":"2026-01-23T09:16:58","modified_gmt":"2026-01-23T08:16:58","slug":"rd","status":"publish","type":"page","link":"https:\/\/proteome.u-bordeaux.fr\/en\/rd\/","title":{"rendered":"R&#038;D"},"content":{"rendered":"<p class=\"justification_texte\">The platform is associated with the Mass Spectrometry of Biological Macromolecules research team of the UMR 5248 CBMN.<\/p>\n\n\n\n<p class=\"justification_texte\"><a href=\"https:\/\/www.cbmn.u-bordeaux.fr\/en\/multi-scale-and-multi-omics-mass-spectrometry-m3s\/\" target=\"_blank\" rel=\"noopener\" title=\"\">Mass Spectrometry of Biological Macromolecules CBMN UMR 5248<\/a><\/p>\n\n\n\n<p class=\"justification_texte\">Collaborative projects can be carried out around the following themes. For all new projects on the following themes, please contact the research team leader <a href=\"mailto:caroline.tokarski@u-bordeaux.fr\" class=\"ek-link\">Caroline Tokarski<\/a> and the theme leaders.<\/p>\n\n\n\n<ul class=\"wp-block-list\">\n<li class=\"justification_texte\">Structural analysis of proteins by isotopic exchange or cross-linking (responsible : <a href=\"mailto:stephane.chaignepain@u-bordeaux.fr\">St\u00e9phane Chaignepain<\/a>).<\/li>\n<\/ul>\n\n\n\n<ul class=\"wp-block-list\">\n<li class=\"justification_texte\">Mass Spectrometry Imaging (responsible: <a href=\"mailto:nicolas.desbenoit@u-bordeaux.fr\">Nicolas Desbenoit<\/a>).<\/li>\n<\/ul>\n\n\n\n<ul class=\"wp-block-list\">\n<li class=\"justification_texte\">Analysis of N- and O-glycoproteins \/ glycopeptides (responsible: <a href=\"mailto:katell.bathany@u-bordeaux.fr\">Katell Bathany<\/a>)<\/li>\n<\/ul>\n\n\n\n<ul class=\"wp-block-list\">\n<li class=\"justification_texte\">Tandem mass spectrometry analysis of intact proteins \u2013 \u201ctop-down\u201d type proteomics (responsible: <a href=\"mailto:caroline.tokarski@u-bordeaux.fr\">Caroline Tokarski<\/a>).<\/li>\n<\/ul>\n\n\n\n<ul class=\"wp-block-list\">\n<li class=\"justification_texte\">Analysis of traces and ultra traces in the field of cultural heritage (responsible: <a href=\"mailto:caroline.tokarski@u-bordeaux.fr\" class=\"ek-link\">Caroline Tokarski<\/a>).<\/li>\n<\/ul>","protected":false},"excerpt":{"rendered":"<p>La plateforme est adoss\u00e9e \u00e0 l\u2019\u00e9quipe de recherche Spectrom\u00e9trie de Masse des Macromol\u00e9cules Biologiques de l&rsquo;UMR 5248 CBMN. Spectrom\u00e9trie de Masse des Macromol\u00e9cules Biologiques CBMN UMR 5248 Des projets collaboratifs peuvent \u00eatre men\u00e9s autour des th\u00e9matiques ci-apr\u00e8s. Pour tous nouveaux projets sur les th\u00e9matiques suivantes, veuillez contacter la responsable de [&hellip;]<\/p>\n","protected":false},"author":1,"featured_media":0,"parent":0,"menu_order":0,"comment_status":"closed","ping_status":"closed","template":"","meta":{"footnotes":""},"class_list":["post-96","page","type-page","status-publish","hentry"],"aioseo_notices":[],"jetpack-related-posts":[],"jetpack_sharing_enabled":true,"_links":{"self":[{"href":"https:\/\/proteome.u-bordeaux.fr\/en\/wp-json\/wp\/v2\/pages\/96","targetHints":{"allow":["GET"]}}],"collection":[{"href":"https:\/\/proteome.u-bordeaux.fr\/en\/wp-json\/wp\/v2\/pages"}],"about":[{"href":"https:\/\/proteome.u-bordeaux.fr\/en\/wp-json\/wp\/v2\/types\/page"}],"author":[{"embeddable":true,"href":"https:\/\/proteome.u-bordeaux.fr\/en\/wp-json\/wp\/v2\/users\/1"}],"replies":[{"embeddable":true,"href":"https:\/\/proteome.u-bordeaux.fr\/en\/wp-json\/wp\/v2\/comments?post=96"}],"version-history":[{"count":9,"href":"https:\/\/proteome.u-bordeaux.fr\/en\/wp-json\/wp\/v2\/pages\/96\/revisions"}],"predecessor-version":[{"id":2228,"href":"https:\/\/proteome.u-bordeaux.fr\/en\/wp-json\/wp\/v2\/pages\/96\/revisions\/2228"}],"wp:attachment":[{"href":"https:\/\/proteome.u-bordeaux.fr\/en\/wp-json\/wp\/v2\/media?parent=96"}],"curies":[{"name":"wp","href":"https:\/\/api.w.org\/{rel}","templated":true}]}}