{"id":95,"date":"2022-10-19T16:27:30","date_gmt":"2022-10-19T14:27:30","guid":{"rendered":"http:\/\/proteome.u-bordeaux.fr\/?page_id=95"},"modified":"2024-02-02T09:30:22","modified_gmt":"2024-02-02T08:30:22","slug":"prestation-de-recherche","status":"publish","type":"page","link":"https:\/\/proteome.u-bordeaux.fr\/en\/prestation-de-recherche\/","title":{"rendered":"Service delivery"},"content":{"rendered":"<p class=\"has-text-align-justify justification_texte\">The Plateforme Bordeaux Proteome offers expertise and equipment for the separation, identification and characterization of proteins, quantification and differential analysis or the search for protein partners.<\/p>\n\n\n\n<p class=\"has-text-align-justify justification_texte\">Protein analysis is carried out by the so-called \u201cbottom-up\u201d methodology using equipment coupling liquid nano-chromatography with latest-generation mass spectrometers equipped with Orbitrap-type analyzers. These new generations of analyzers allow analysis at very high resolution and at very high scanning speed for optimal sensitivity, allowing the analysis of complex or even very complex samples.<\/p>\n\n\n\n<p class=\"has-text-align-justify justification_texte\">Regarding quantitative\/differential proteomics, Bordeaux Proteome offers the possibility of analyzing your samples using the label-free technique, which makes it possible to compare several samples without the labeling of proteins\/peptides. The choice of experimental design (label-free, SILAC, TMT, etc.) is however guided by various factors, including the type of samples (cell cultures, tissues, etc.), their complexity, the quantity of material available, etc. Alternatively, the methods of isotopic labeling are also available and make it possible to envisage protein or peptide fractionation with a minimum of experimental bias in the analysis.<\/p>\n\n\n\n<p class=\"has-text-align-justify justification_texte\">The analysis of intact proteins (purified or mixed) is possible by the so-called \u201ctop-down\u201d approach, using methods implemented on the latest generations of instruments available within Bordeaux Proteome.<\/p>\n\n\n\n<p class=\"has-text-align-justify justification_texte translation-block\">For the study of non-sequenced species, the Plateforme Bordeaux Proteome offers its expertise relating to the identification of proteins by de novo sequencing. Different software specific to this type of analysis are available.<\/p>\n\n\n\n<p class=\"has-text-align-justify justification_texte\">Finally, Bordeaux Proteome offers different enrichment and\/or bioinformatics analysis strategies for the characterization of co\/post-translational modifications (i.e. phosphorylation, ubiquitination, glycosylation).<\/p>\n\n\n\n<p class=\"has-text-align-justify justification_texte\">With regard to protein separation, Bordeaux Proteome offers mono- (SDS-PAGE, BN-PAGE, 16-BAC-PAGE, IEF) or two-dimensional (BN\/SDS-PAGE, 16-BAC\/SDS- PAGE, IEF\/SDS-PAGE). Gels can be stained with various visible and fluorescent dyes (Coomassie Blue, Colloidal Blue, Silver (MS Compatible), Pro Q Diamond, Ruthenium II, Sypro, Deep Purple). Membrane transfer of gels is also possible<\/p>\n\n\n\n<p class=\"has-text-align-justify justification_texte\">Proteins separation in liquid vein by iso electrofocusing (IEF) or according to their molecular mass can be carried out on available commercial systems, respectively OffGel, Rotofor or GelFree.<\/p>\n\n\n\n<p class=\"has-text-align-justify justification_texte\">The Platform being associated with the Mass Spectrometry of Biological Macromolecules research team, UMR 5248 CBMN, collaborative projects can be carried out around the following themes. For all new projects on the following themes, please contact the research team leader <a href=\"mailto:caroline.tokarski@u-bordeaux.fr\" class=\"ek-link\">Caroline Tokarski <\/a>and the theme leaders.<\/p>\n\n\n\n<ul class=\"wp-block-list\">\n<li class=\"justification_texte\">Structural analysis of proteins by isotopic exchange or cross-linking (responsible : <a href=\"mailto:stephane.chaignepain@u-bordeaux.fr\">St\u00e9phane Chaignepain<\/a>).<\/li>\n<\/ul>\n\n\n\n<ul class=\"wp-block-list\">\n<li class=\"justification_texte\">Mass Spectrometry Imaging (responsible: <a href=\"mailto:nicolas.desbenoit@u-bordeaux.fr\">Nicolas Desbenoit<\/a>).<\/li>\n<\/ul>\n\n\n\n<ul class=\"wp-block-list\">\n<li class=\"justification_texte\">Analysis of N- and O-glycoproteins \/ glycopeptides (responsible: <a href=\"mailto:katell.bathany@u-bordeaux.fr\">Katell Bathany<\/a>)<\/li>\n<\/ul>\n\n\n\n<ul class=\"wp-block-list\">\n<li class=\"justification_texte\">Tandem mass spectrometry analysis of intact proteins \u2013 \u201ctop-down\u201d type proteomics (responsible: <a href=\"mailto:caroline.tokarski@u-bordeaux.fr\" class=\"ek-link\">Caroline Tokarski<\/a>).<\/li>\n<\/ul>\n\n\n\n<ul class=\"wp-block-list\">\n<li class=\"justification_texte\">Analysis of traces and ultra traces in the field of cultural heritage (responsible: <a href=\"mailto:caroline.tokarski@u-bordeaux.fr\">Caroline Tokarski<\/a>).<\/li>\n<\/ul>","protected":false},"excerpt":{"rendered":"<p>La Plateforme Bordeaux Proteome propose une expertise et des \u00e9quipements pour la s\u00e9paration, l\u2019identification et la caract\u00e9risation des prot\u00e9ines, la quantification et l\u2019analyse diff\u00e9rentielle ou encore la recherche de partenaires prot\u00e9iques. L\u2019analyse des prot\u00e9ines est r\u00e9alis\u00e9e par la m\u00e9thodologie dite \u00ab bottom-up \u00bb \u00e0 partir d\u2019\u00e9quipements couplant la nano-chromatographie liquide [&hellip;]<\/p>\n","protected":false},"author":1,"featured_media":0,"parent":0,"menu_order":0,"comment_status":"closed","ping_status":"closed","template":"","meta":{"footnotes":""},"class_list":["post-95","page","type-page","status-publish","hentry"],"aioseo_notices":[],"jetpack-related-posts":[],"jetpack_sharing_enabled":true,"_links":{"self":[{"href":"https:\/\/proteome.u-bordeaux.fr\/en\/wp-json\/wp\/v2\/pages\/95","targetHints":{"allow":["GET"]}}],"collection":[{"href":"https:\/\/proteome.u-bordeaux.fr\/en\/wp-json\/wp\/v2\/pages"}],"about":[{"href":"https:\/\/proteome.u-bordeaux.fr\/en\/wp-json\/wp\/v2\/types\/page"}],"author":[{"embeddable":true,"href":"https:\/\/proteome.u-bordeaux.fr\/en\/wp-json\/wp\/v2\/users\/1"}],"replies":[{"embeddable":true,"href":"https:\/\/proteome.u-bordeaux.fr\/en\/wp-json\/wp\/v2\/comments?post=95"}],"version-history":[{"count":23,"href":"https:\/\/proteome.u-bordeaux.fr\/en\/wp-json\/wp\/v2\/pages\/95\/revisions"}],"predecessor-version":[{"id":1593,"href":"https:\/\/proteome.u-bordeaux.fr\/en\/wp-json\/wp\/v2\/pages\/95\/revisions\/1593"}],"wp:attachment":[{"href":"https:\/\/proteome.u-bordeaux.fr\/en\/wp-json\/wp\/v2\/media?parent=95"}],"curies":[{"name":"wp","href":"https:\/\/api.w.org\/{rel}","templated":true}]}}