{"id":45,"date":"2022-10-19T15:06:18","date_gmt":"2022-10-19T13:06:18","guid":{"rendered":"http:\/\/proteome.u-bordeaux.fr\/?page_id=45"},"modified":"2024-09-26T08:22:04","modified_gmt":"2024-09-26T06:22:04","slug":"contact","status":"publish","type":"page","link":"https:\/\/proteome.u-bordeaux.fr\/en\/contact\/","title":{"rendered":"Contact"},"content":{"rendered":"<div class=\"wp-block-columns container is-layout-flex wp-container-core-columns-is-layout-28f84493 wp-block-columns-is-layout-flex\">\n<div class=\"wp-block-column is-vertically-aligned-center is-layout-flow wp-block-column-is-layout-flow\">\n<div class=\"wp-block-columns is-layout-flex wp-container-core-columns-is-layout-28f84493 wp-block-columns-is-layout-flex\">\n<div class=\"wp-block-column is-layout-flow wp-block-column-is-layout-flow\" style=\"flex-basis:50%\">\n<h4 class=\"wp-block-heading has-text-align-left hestia-title has-text-color\" style=\"color:#3c4858;font-size:18px\"><img data-recalc-dims=\"1\" decoding=\"async\" class=\"wp-image-98\" style=\"width: 25px;\" src=\"https:\/\/i0.wp.com\/proteome.u-bordeaux.fr\/wp-content\/themes\/hestia\/assets\/img\/contact2.png?w=750\" alt=\"\">    <strong><strong>Contact us<\/strong><\/strong><\/h4>\n\n\n<div class=\"tmm tmm_contact\"><div class=\"tmm_2_columns tmm_wrap tmm_plugin_f\"><span class=\"tmm_two_containers_tablet\"><\/span><div class=\"tmm_container\"><div class=\"tmm_member\" style=\"border-top:#333333 solid 5px;\"><div class=\"tmm_textblock\"><div class=\"tmm_names\"><span class=\"tmm_fname\">Caroline <\/span> <span class=\"tmm_lname\">Tokarski<\/span><\/div><div class=\"tmm_job\">Scientific Manager<\/div><div class=\"tmm_scblock\"><a class=\"tmm_sociallink\" href=\"mailto:&#099;ar&#111;&#108;&#105;ne.&#116;ok&#097;r&#115;ki&#064;u&#045;bor&#100;&#101;&#097;u&#120;.&#102;r\" title=\"\"><img data-recalc-dims=\"1\" decoding=\"async\" alt=\"\" src=\"https:\/\/i0.wp.com\/proteome.u-bordeaux.fr\/wp-content\/plugins\/team-members\/inc\/img\/links\/email.png?w=750&#038;ssl=1\"\/><\/a><a class=\"tmm_sociallink\" href=\"tel:+33557575624\" title=\"\"><img data-recalc-dims=\"1\" decoding=\"async\" alt=\"\" src=\"https:\/\/i0.wp.com\/proteome.u-bordeaux.fr\/wp-content\/plugins\/team-members\/inc\/img\/links\/phone.png?w=750&#038;ssl=1\"\/><\/a><a target=\"_blank\" class=\"tmm_sociallink\" href=\"https:\/\/www.researchgate.net\/scientific-contributions\/Caroline-Tokarski-33674526\" title=\"\"><img data-recalc-dims=\"1\" decoding=\"async\" alt=\"\" src=\"https:\/\/i0.wp.com\/proteome.u-bordeaux.fr\/wp-content\/plugins\/team-members\/inc\/img\/links\/researchgate.png?w=750&#038;ssl=1\"\/><\/a><\/div><\/div><\/div><div class=\"tmm_member\" style=\"border-top:#333333 solid 5px;\"><div class=\"tmm_textblock\"><div class=\"tmm_names\"><span class=\"tmm_fname\">St\u00e9phane<\/span> <span class=\"tmm_lname\">Claverol<\/span><\/div><div class=\"tmm_job\">Technical Manager<\/div><div class=\"tmm_scblock\"><a class=\"tmm_sociallink\" href=\"mailto:s&#116;ep&#104;&#097;n&#101;&#046;&#099;lav&#101;&#114;ol&#064;&#117;-&#098;o&#114;d&#101;a&#117;x.&#102;r\" title=\"\"><img data-recalc-dims=\"1\" decoding=\"async\" alt=\"\" src=\"https:\/\/i0.wp.com\/proteome.u-bordeaux.fr\/wp-content\/plugins\/team-members\/inc\/img\/links\/email.png?w=750&#038;ssl=1\"\/><\/a><a class=\"tmm_sociallink\" href=\"tel:+33557574615\" title=\"\"><img data-recalc-dims=\"1\" decoding=\"async\" alt=\"\" src=\"https:\/\/i0.wp.com\/proteome.u-bordeaux.fr\/wp-content\/plugins\/team-members\/inc\/img\/links\/phone.png?w=750&#038;ssl=1\"\/><\/a><a target=\"_blank\" class=\"tmm_sociallink\" href=\"https:\/\/www.researchgate.net\/profile\/Stephane-Claverol\" title=\"\"><img data-recalc-dims=\"1\" decoding=\"async\" alt=\"\" src=\"https:\/\/i0.wp.com\/proteome.u-bordeaux.fr\/wp-content\/plugins\/team-members\/inc\/img\/links\/researchgate.png?w=750&#038;ssl=1\"\/><\/a><\/div><\/div><\/div><div style=\"clear:both;\"><\/div><\/div><\/div><\/div>\n<\/div>\n\n\n\n<div class=\"wp-block-column is-layout-flow wp-block-column-is-layout-flow\" style=\"flex-basis:50%\">\n<h4 class=\"wp-block-heading has-text-align-left hestia-title has-text-color\" style=\"color:#3c4858;font-size:18px\"><img data-recalc-dims=\"1\" decoding=\"async\" class=\"wp-image-86\" style=\"width: 25px;\" src=\"https:\/\/i0.wp.com\/proteome.u-bordeaux.fr\/wp-content\/themes\/hestia\/assets\/img\/contact1.png?w=750\" alt=\"Map icon\">    <strong>Postal address<\/strong><\/h4>\n\n\n\n<p>Bordeaux Proteome<\/p>\n\n\n\n<p><a href=\"https:\/\/www.google.com\/maps\/place\/Centre+de+G%C3%A9nomique+Fonctionnelle+Bordeaux\/@44.8208428,-0.6109441,15z\/data=!3m1!5s0xd54d8719d8e806f:0xde815fd78642d709!4m10!1m2!2m1!1smaps+bordeaux+proteome!3m6!1s0xd54d87176f6766d:0x39ed12da61b84b63!8m2!3d44.8248367!4d-0.6086542!15sChZtYXBzIGJvcmRlYXV4IHByb3Rlb21lkgEKdW5pdmVyc2l0eeABAA!16s%2Fg%2F1td4wlnb?entry=ttu\" target=\"_blank\" aria-label=\"Batiment CARF (ex G\u00e9nomique Fonctionnelle Bordeaux)Universit\u00e9 de Bordeaux146 rue L\u00e9o Saignat33076 Bordeaux CedexFrance (opens in a new tab)\" rel=\"noreferrer noopener\" class=\"ek-link\">Batiment CARF (ex G\u00e9nomique Fonctionnelle Bordeaux)<br>Universit\u00e9 de Bordeaux<br>146 rue L\u00e9o Saignat<br>33076 Bordeaux Cedex<br>France<\/a><\/p>\n\n\n\n<figure class=\"wp-block-image size-large\"><img data-recalc-dims=\"1\" loading=\"lazy\" decoding=\"async\" width=\"750\" height=\"497\" src=\"https:\/\/i0.wp.com\/proteome.u-bordeaux.fr\/wp-content\/uploads\/2023\/03\/IMGP2381.png?resize=750%2C497&#038;ssl=1\" alt=\"\" class=\"wp-image-1207\" srcset=\"https:\/\/i0.wp.com\/proteome.u-bordeaux.fr\/wp-content\/uploads\/2023\/03\/IMGP2381.png?resize=1024%2C678&amp;ssl=1 1024w, https:\/\/i0.wp.com\/proteome.u-bordeaux.fr\/wp-content\/uploads\/2023\/03\/IMGP2381.png?resize=300%2C199&amp;ssl=1 300w, https:\/\/i0.wp.com\/proteome.u-bordeaux.fr\/wp-content\/uploads\/2023\/03\/IMGP2381.png?resize=768%2C508&amp;ssl=1 768w, https:\/\/i0.wp.com\/proteome.u-bordeaux.fr\/wp-content\/uploads\/2023\/03\/IMGP2381.png?resize=1536%2C1017&amp;ssl=1 1536w, https:\/\/i0.wp.com\/proteome.u-bordeaux.fr\/wp-content\/uploads\/2023\/03\/IMGP2381.png?resize=18%2C12&amp;ssl=1 18w, https:\/\/i0.wp.com\/proteome.u-bordeaux.fr\/wp-content\/uploads\/2023\/03\/IMGP2381.png?w=1971&amp;ssl=1 1971w\" sizes=\"auto, (max-width: 750px) 100vw, 750px\" \/><\/figure>\n<\/div>\n<\/div>\n<\/div>\n<\/div>\n\n\n\n<div class=\"wp-block-columns is-layout-flex wp-container-core-columns-is-layout-28f84493 wp-block-columns-is-layout-flex\">\n<div class=\"wp-block-column is-layout-flow wp-block-column-is-layout-flow\" style=\"flex-basis:100%\">\n<iframe src=\"https:\/\/www.google.com\/maps\/embed?pb=!1m18!1m12!1m3!1d2829.845048740505!2d-0.6110036234568672!3d44.8247212758776!2m3!1f0!2f0!3f0!3m2!1i1024!2i768!4f13.1!3m3!1m2!1s0xd54d87176f6766d%3A0x39ed12da61b84b63!2sCentre%20d&#39;Appui%20%C3%A0%20la%20Recherche%20et%20de%20Formation!5e0!3m2!1sfr!2sfr!4v1727331634394!5m2!1sfr!2sfr\" width=\"600\" height=\"450\" style=\"border:0;\" allowfullscreen=\"\" loading=\"lazy\" referrerpolicy=\"no-referrer-when-downgrade\"><\/iframe>\n<\/div>\n<\/div>","protected":false},"excerpt":{"rendered":"<p>Nous contacter Adresse Postale Bordeaux Proteome Batiment CARF (ex G\u00e9nomique Fonctionnelle Bordeaux)Universit\u00e9 de Bordeaux146 rue L\u00e9o Saignat33076 Bordeaux CedexFrance<\/p>","protected":false},"author":1,"featured_media":0,"parent":0,"menu_order":0,"comment_status":"closed","ping_status":"closed","template":"","meta":{"footnotes":""},"class_list":["post-45","page","type-page","status-publish","hentry"],"aioseo_notices":[],"jetpack-related-posts":[],"jetpack_sharing_enabled":true,"_links":{"self":[{"href":"https:\/\/proteome.u-bordeaux.fr\/en\/wp-json\/wp\/v2\/pages\/45","targetHints":{"allow":["GET"]}}],"collection":[{"href":"https:\/\/proteome.u-bordeaux.fr\/en\/wp-json\/wp\/v2\/pages"}],"about":[{"href":"https:\/\/proteome.u-bordeaux.fr\/en\/wp-json\/wp\/v2\/types\/page"}],"author":[{"embeddable":true,"href":"https:\/\/proteome.u-bordeaux.fr\/en\/wp-json\/wp\/v2\/users\/1"}],"replies":[{"embeddable":true,"href":"https:\/\/proteome.u-bordeaux.fr\/en\/wp-json\/wp\/v2\/comments?post=45"}],"version-history":[{"count":63,"href":"https:\/\/proteome.u-bordeaux.fr\/en\/wp-json\/wp\/v2\/pages\/45\/revisions"}],"predecessor-version":[{"id":1856,"href":"https:\/\/proteome.u-bordeaux.fr\/en\/wp-json\/wp\/v2\/pages\/45\/revisions\/1856"}],"wp:attachment":[{"href":"https:\/\/proteome.u-bordeaux.fr\/en\/wp-json\/wp\/v2\/media?parent=45"}],"curies":[{"name":"wp","href":"https:\/\/api.w.org\/{rel}","templated":true}]}}