{"id":334,"date":"2022-10-21T13:40:50","date_gmt":"2022-10-21T11:40:50","guid":{"rendered":"http:\/\/proteome.u-bordeaux.fr\/?page_id=334"},"modified":"2023-03-09T09:24:29","modified_gmt":"2023-03-09T08:24:29","slug":"mentions-legales","status":"publish","type":"page","link":"https:\/\/proteome.u-bordeaux.fr\/en\/mentions-legales\/","title":{"rendered":"Legal notice"},"content":{"rendered":"<h3 class=\"wp-block-heading\">1. Presentation<\/h3>\n\n\n\n<p class=\"translation-block\">Under Article 6 of Law No. 2004-575 of June 21, 2004 on confidence in the digital economy, it is specified to users of the site <a href=\"https:\/\/proteome.u-bordeaux. fr\" target=\"_self\">https:\/\/proteome.u-bordeaux.fr\/<\/a> the identity of the various stakeholders in the context of its implementation and monitoring:<\/p>\n\n\n\n<p><strong>Owner<\/strong> : Bordeaux Proteome \u2013 Universit\u00e9 de Bordeaux &#8211; 146 rue L\u00e9o Saignat &#8211; Case 68 &#8211; 33076 Bordeaux Cedex<br><strong>Creator<\/strong> : Bordeaux Proteome<br><strong>Publication Director <\/strong>: Dean Lewis, pr\u00e9sident de l\u2019universit\u00e9 de Bordeaux<br><strong>Publishing Director <\/strong>: Caroline Tokarski<br><strong>Webmaster<\/strong> : St\u00e9phane Claverol<br><strong>Housing<\/strong> : Ce site est h\u00e9berg\u00e9 par la Direction des syst\u00e8mes d&rsquo;information de l\u2019Universit\u00e9 de Bordeaux.<\/p>\n\n\n\n<p><strong>Cr\u00e9dits photos<\/strong>: Gautier Dufau<\/p>\n\n\n\n<p><strong>Cr\u00e9dits photos et images: <\/strong>Embruns Creation<\/p>\n\n\n\n<h3 class=\"wp-block-heading\">2. General conditions of use of the site and the services offered<\/h3>\n\n\n\n<p>Website use <a href=\"http:\/\/www.cgfb.u-bordeaux.fr\">https:\/\/proteome.u-bordeaux.fr\/<\/a> implies full acceptance of the general conditions of use described below. These conditions of use may be modified or supplemented at any time, users of the site <a href=\"http:\/\/http:\/\/www.cgfb.u-bordeaux.fr\/\">https:\/\/proteome.u-bordeaux.fr\/<\/a> are therefore invited to consult them on a regular basis.<\/p>\n\n\n\n<p>This site is normally accessible to users at any time. An interruption due to technical maintenance may however be decided by Bordeaux Proteome, which will then endeavor to communicate to users before the dates and times of the intervention.<\/p>\n\n\n\n<p>The website <a href=\"http:\/\/http:\/\/www.cgfb.u-bordeaux.fr\/\"><\/a><a href=\"http:\/\/www.cgfb.u-bordeaux.fr\">https:\/\/proteome.u-bordeaux.fr\/<\/a> est mis \u00e0 jour r\u00e9guli\u00e8rement par Bordeaux Proteome. De la m\u00eame fa\u00e7on, les mentions l\u00e9gales peuvent \u00eatre modifi\u00e9es \u00e0 tout moment : elles s\u2019imposent n\u00e9anmoins \u00e0 l\u2019utilisateur qui est invit\u00e9 \u00e0 s\u2019y r\u00e9f\u00e9rer le plus souvent possible afin d\u2019en prendre connaissance.<\/p>\n\n\n\n<h3 class=\"wp-block-heading\">3. Description of the services provided<\/h3>\n\n\n\n<p>The website <a href=\"http:\/\/http:\/\/www.cgfb.u-bordeaux.fr\/\"><\/a><a href=\"http:\/\/www.cgfb.u-bordeaux.fr\">https:\/\/proteome.u-bordeaux.fr\/<\/a> a pour objet de fournir une information concernant l\u2019ensemble des activit\u00e9s de Bordeaux Proteome.<\/p>\n\n\n\n<p>Bordeaux Proteome strives to provide on the website <a href=\"http:\/\/www.cgfb.u-bordeaux.fr\">https:\/\/proteome.u-bordeaux.fr\/<\/a> informations as precise as possible. However, it cannot be held responsible for omissions, inaccuracies and deficiencies in the update, whether by itself or by the third party partners who provide it with this information.<\/p>\n\n\n\n<p>All the information indicated on the site <a href=\"http:\/\/www.cgfb.u-bordeaux.fr\">https:\/\/proteome.u-bordeaux.fr\/<\/a> are given for information only, and are subject to change. In addition, the information on the website <a href=\"http:\/\/www.cgfb.u-bordeaux.fr\">https:\/\/proteome.u-bordeaux.fr\/<\/a> are not exhaustive. They are given subject to modifications having been made since they were put online.<\/p>\n\n\n\n<h3 class=\"wp-block-heading\">4. Contractual limitations on technical data<\/h3>\n\n\n\n<p>The site uses XXX technology.<\/p>\n\n\n\n<p>The website cannot be held responsible for material damage related to the use of the site. In addition, the user of the site agrees to access the site using recent equipment, not containing viruses and with an updated latest generation browser.<\/p>\n\n\n\n<h3 class=\"wp-block-heading\">5. Intellectual Property and Counterfeits<\/h3>\n\n\n\n<p>Bordeaux Proteome is the owner of the intellectual property rights or holds the rights of use on all the elements accessible on the site, in particular the texts, images, graphics, logo, icons, sounds, software.<\/p>\n\n\n\n<p>Any reproduction, representation, modification, publication, adaptation of all or part of the elements of the site, whatever the means or process used, is prohibited, except with the prior written authorization of: Bordeaux Proteome \u2013 University of Bordeaux \u2013 146 rue L\u00e9o Saignat \u2013 Box 68 \u2013 33076 Bordeaux Cedex.<\/p>\n\n\n\n<p>Any unauthorized use of the site or any of the elements it contains will be considered as constituting an infringement and prosecuted in accordance with the provisions of articles L.335-2 and following of the Intellectual Property Code.<\/p>\n\n\n\n<h3 class=\"wp-block-heading\">6. Disclaimer<\/h3>\n\n\n\n<p>Bordeaux Proteome cannot be held liable for direct or indirect damage caused to the user's equipment when accessing the website <a href=\"https:\/\/proteome.u-bordeaux.fr\/en\/\"><\/a><a href=\"http:\/\/www.cgfb.u-bordeaux.fr\">https:\/\/proteome.u-bordeaux.fr\/<\/a>, and resulting either from the use of equipment that does not meet the specifications indicated in point 4, or from the appearance of a bug or incompatibility.<\/p>\n\n\n\n<p>Bordeaux Proteome cannot also be held liable for consequential damages (such as loss of market or loss of opportunity) resulting from the use of the website <a href=\"https:\/\/proteome.u-bordeaux.fr\/en\/\"><\/a><a href=\"http:\/\/www.cgfb.u-bordeaux.fr\">https:\/\/proteome.u-bordeaux.fr<\/a>.<\/p>\n\n\n\n<h3 class=\"wp-block-heading\">7. Management of personal data<\/h3>\n\n\n\n<p>In France, personal data is notably protected by law n\u00b0 78-87 of January 6, 1978, law n\u00b0 2004-801 of August 6, 2004, article L. 226-13 of the Penal Code and the European Directive of October 24, 1995.<\/p>\n\n\n\n<p>When using the website <a href=\"http:\/\/http:\/\/www.cgfb.u-bordeaux.fr\/\"><\/a><a href=\"http:\/\/www.cgfb.u-bordeaux.fr\">https:\/\/proteome.u-bordeaux<\/a>, can be collected: the URL of the links through which the user accessed the website <a href=\"http:\/\/http:\/\/www.cgfb.u-bordeaux.fr\/\"><\/a><a href=\"http:\/\/www.cgfb.u-bordeaux.fr\">https:\/\/proteome.u-bordeaux<\/a>, the user's access provider, the user's Internet Protocol (IP) address.<\/p>\n\n\n\n<p>In any case, Bordeaux Proteome does not collect any personal information relating to the user.<\/p>\n\n\n\n<p>In accordance with the provisions of articles 38 and following of law 78-17 of January 6, 1978 relating to data processing, files and freedoms, all users have a right of access, rectification and opposition to personal data. concerning him, by making his written and signed request, accompanied by a copy of the identity document with signature of the holder of the document, specifying the address to which the answer must be sent.<\/p>\n\n\n\n<p>No personal information of the user of the website <a href=\"http:\/\/www.cgfb.u-bordeaux.fr\">https:\/\/proteome.u-bordeaux<\/a> is not published without the knowledge of the user, exchanged, transferred, assigned or sold on any medium whatsoever to third parties. Only the assumption of the redemption of Bordeaux Proteome and its rights would allow the transmission of said information to the prospective purchaser who would in turn be bound by the same obligation to store and modify data vis-\u00e0-vis the user of the website <a href=\"http:\/\/http:\/\/www.cgfb.u-bordeaux.fr\/\"><\/a><a href=\"http:\/\/www.cgfb.u-bordeaux.fr\">https:\/\/proteome.u-bordeaux<\/a>.<\/p>\n\n\n\n<p>The site is not declared to the CNIL because it does not collect personal information.<\/p>\n\n\n\n<p>The databases are protected by the provisions of the law of July 1, 1998 transposing directive 96\/9 of March 11, 1996 relating to the legal protection of databases.<\/p>\n\n\n\n<h3 class=\"wp-block-heading\">8. Hypertext links and cookies<\/h3>\n\n\n\n<p>The site may consist of hypertext links. By clicking on these, the User will leave the platform. The latter has no control and cannot be held responsible for the content of the web pages relating to these links.<\/p>\n\n\n\n<p>During visits to the site, the automatic installation of a cookie on the User's browser software may occur.<\/p>\n\n\n\n<p>Cookies correspond to small files temporarily stored on the hard drive of the User's computer. These cookies are necessary to ensure accessibility and navigation on the site. These files do not contain personal information and cannot be used to identify a person.<\/p>\n\n\n\n<p>The information contained in cookies is used to improve navigation performance on the website.<\/p>\n\n\n\n<p>By browsing the site, the User accepts cookies. Their deactivation can be done via the settings of the navigation software.<\/p>\n\n\n\n<h3 class=\"wp-block-heading\">9. Applicable law and attribution of jurisdiction<\/h3>\n\n\n\n<p>Any dispute in connection with the use of the website <a href=\"http:\/\/http:\/\/www.cgfb.u-bordeaux.fr\/\"><\/a><a href=\"http:\/\/www.cgfb.u-bordeaux.fr\">https:\/\/proteome.u-bordeaux<\/a> is subject to French law. Exclusive jurisdiction is given to the competent courts of Paris.<\/p>\n\n\n\n<h3 class=\"wp-block-heading\">10. The main laws concerned<\/h3>\n\n\n\n<p>Law n\u00b0 78-17 of January 6, 1978, notably modified by law n\u00b0 2004-801 of August 6, 2004 relating to data processing, files and freedoms.<\/p>\n\n\n\n<p>Law n\u00b0 2004-575 of June 21, 2004 for confidence in the digital economy.<\/p>","protected":false},"excerpt":{"rendered":"<p>1. Pr\u00e9sentation du site En vertu de l&rsquo;article 6 de la loi n\u00b0 2004-575 du 21 juin 2004 pour la confiance dans l&rsquo;\u00e9conomie num\u00e9rique, il est pr\u00e9cis\u00e9 aux utilisateurs du site https:\/\/proteome.u-bordeaux.fr\/ l&rsquo;identit\u00e9 des diff\u00e9rents intervenants dans le cadre de sa r\u00e9alisation et de son suivi : Propri\u00e9taire : Bordeaux [&hellip;]<\/p>\n","protected":false},"author":1,"featured_media":0,"parent":0,"menu_order":0,"comment_status":"closed","ping_status":"closed","template":"","meta":{"footnotes":""},"class_list":["post-334","page","type-page","status-publish","hentry"],"aioseo_notices":[],"jetpack-related-posts":[],"jetpack_sharing_enabled":true,"_links":{"self":[{"href":"https:\/\/proteome.u-bordeaux.fr\/en\/wp-json\/wp\/v2\/pages\/334","targetHints":{"allow":["GET"]}}],"collection":[{"href":"https:\/\/proteome.u-bordeaux.fr\/en\/wp-json\/wp\/v2\/pages"}],"about":[{"href":"https:\/\/proteome.u-bordeaux.fr\/en\/wp-json\/wp\/v2\/types\/page"}],"author":[{"embeddable":true,"href":"https:\/\/proteome.u-bordeaux.fr\/en\/wp-json\/wp\/v2\/users\/1"}],"replies":[{"embeddable":true,"href":"https:\/\/proteome.u-bordeaux.fr\/en\/wp-json\/wp\/v2\/comments?post=334"}],"version-history":[{"count":11,"href":"https:\/\/proteome.u-bordeaux.fr\/en\/wp-json\/wp\/v2\/pages\/334\/revisions"}],"predecessor-version":[{"id":1236,"href":"https:\/\/proteome.u-bordeaux.fr\/en\/wp-json\/wp\/v2\/pages\/334\/revisions\/1236"}],"wp:attachment":[{"href":"https:\/\/proteome.u-bordeaux.fr\/en\/wp-json\/wp\/v2\/media?parent=334"}],"curies":[{"name":"wp","href":"https:\/\/api.w.org\/{rel}","templated":true}]}}