{"id":2191,"date":"2026-01-13T09:39:04","date_gmt":"2026-01-13T08:39:04","guid":{"rendered":"https:\/\/proteome.u-bordeaux.fr\/?page_id=2191"},"modified":"2026-01-27T09:40:33","modified_gmt":"2026-01-27T08:40:33","slug":"ateliers-bordeaux-proteome-2026","status":"publish","type":"page","link":"https:\/\/proteome.u-bordeaux.fr\/en\/ateliers-bordeaux-proteome-2026\/","title":{"rendered":"Bordeaux Proteome 2026 Workshop"},"content":{"rendered":"<p class=\"justification_texte translation-block\" id=\"block-e74dd13e-4d47-4d3f-87ec-c7401479a6fa\">Bordeaux Proteome is once again organizing its technology workshop this year, designed to introduce participants to the principles and applications of proteomic analysis and mass spectrometry imaging. As in 2025, this workshop will cover the entire process, from sample preparation to data acquisition and processing, integrating both LC-MS approaches and imaging techniques.<\/p>\n\n\n\n<p class=\"justification_texte\">This comprehensive program aims to provide participants with a thorough understanding of these two complementary fields, while also raising their awareness of best practices and limitations in effectively leveraging project results. Whether you wish to discover these techniques or deepen your existing knowledge, this workshop is designed to meet your needs.<\/p>\n\n\n\n<p><strong>Workshop objectives:<\/strong><\/p>\n\n\n\n<ul class=\"wp-block-list\">\n<li>Mastering the basics of sample preparation for proteomic analysis and imaging.<\/li>\n\n\n\n<li>Understand the principles of data acquisition in LC-MS and mass spectrometry imaging.<\/li>\n\n\n\n<li>Understand the principles of data acquisition in LC-MS and mass spectrometry imaging.<\/li>\n\n\n\n<li>Identify the strengths, limitations, and specific applications of each technique.<\/li>\n<\/ul>\n\n\n\n<p class=\"justification_texte translation-block\"><strong>Target audience:<\/strong> This workshop is aimed at all researchers, students, engineers, and technicians wishing to train or improve their skills in proteomics and mass spectrometry imaging. <strong>16 places<\/strong> are available for both students and administrative and technical staff.<\/p>\n\n\n\n<p class=\"justification_texte translation-block\"><strong>Certificate of attendance:<\/strong> A certificate will be given to each participant at the end of the workshop, allowing them to validate the training hours completed, particularly with doctoral schools.<\/p>\n\n\n\n<p><strong>Practical information:<\/strong><\/p>\n\n\n\n<ul class=\"wp-block-list\">\n<li><strong>Place number:<\/strong> 16<\/li>\n\n\n\n<li><strong>Audience :<\/strong> Researchers, students, engineers, technicians.<\/li>\n\n\n\n<li class=\"translation-block\"><strong>Prerequisites:<\/strong> No specific prerequisites are required.<\/li>\n<\/ul>\n\n\n\n<p class=\"justification_texte translation-block\">Join us on June 3rd and 4th for a practical and interactive training session, and discover how proteomic analysis and mass spectrometry imaging can enrich your research projects!<\/p>\n\n\n\n<hr class=\"wp-block-separator has-alpha-channel-opacity\"\/>\n\n\n\n<p class=\"translation-block\">Interested? Sign up now.<\/p>\n\n\n\n<hr class=\"wp-block-separator has-alpha-channel-opacity\"\/>\n\n\n\n<div data-wp-interactive=\"core\/file\" class=\"wp-block-file\"><object data-wp-bind--hidden=\"!state.hasPdfPreview\" hidden class=\"wp-block-file__embed\" data=\"https:\/\/proteome.u-bordeaux.fr\/wp-content\/uploads\/2026\/01\/Flyer-atelier-2026-Bordeaux-Proteome-1.pdf\" type=\"application\/pdf\" style=\"width:100%;height:600px\" aria-label=\"Embed of Flyer atelier 2026 Bordeaux Proteome.\"><\/object><a id=\"wp-block-file--media-f0c40692-1b13-43a5-9f44-2d7cf595edc6\" href=\"https:\/\/proteome.u-bordeaux.fr\/wp-content\/uploads\/2026\/01\/Flyer-atelier-2026-Bordeaux-Proteome-1.pdf\">Flyer atelier 2026 Bordeaux Proteome<\/a><a href=\"https:\/\/proteome.u-bordeaux.fr\/wp-content\/uploads\/2026\/01\/Flyer-atelier-2026-Bordeaux-Proteome-1.pdf\" class=\"wp-block-file__button wp-element-button\" download aria-describedby=\"wp-block-file--media-f0c40692-1b13-43a5-9f44-2d7cf595edc6\">Download<\/a><\/div>\n\n\n\n<p class=\"has-text-align-center\"><strong><mark style=\"background-color:rgba(0, 0, 0, 0)\" class=\"has-inline-color has-accent-color\">Formulaire d&rsquo;inscription<\/mark><\/strong><\/p>\n\n\n<div class=\"wp-block-jetpack-contact-form is-layout-flex wp-container-jetpack-contact-form-is-layout-b7ed9015 wp-block-jetpack-contact-form-is-layout-flex\"><a href=\"https:\/\/proteome.u-bordeaux.fr\/en\/ateliers-bordeaux-proteome-2026\/\" target=\"_blank\" rel=\"noopener noreferrer\">Submit a form.<\/a><\/div>\n\n\n<hr class=\"wp-block-separator has-alpha-channel-opacity\"\/>\n\n\n\n<p id=\"block-796a0018-c445-45fe-b102-f3b6a04db06a\">Registration deadline: May 1, 2026<\/p>\n\n\n\n<hr class=\"wp-block-separator has-alpha-channel-opacity\" id=\"block-a41f901c-b978-4254-ba58-e41da1eb8a4a\"\/>\n\n\n\n<figure class=\"wp-block-table\"><table class=\"has-fixed-layout\"><tbody><tr><td><strong>Workshop program<\/strong><\/td><\/tr><tr><td><strong>Day 1<\/strong> <strong>(3 juin 2026)<\/strong><br>09:00 Caf\u00e9 d\u2019accueil.<br>09:10 Principes de base en spectrom\u00e9trie de masse appliqu\u00e9e \u00e0 l\u2019analyse prot\u00e9omique (S. Claverol)<br>10:00 Pr\u00e9sentations de diff\u00e9rentes applications de spectrom\u00e9trie de masse en biologie (Analyse diff\u00e9rentielle, prot\u00e9omique Structurale \u2026) (S. Chaignepain\/ S. Claverol)<br>10:45 Pause-caf\u00e9.<br>11:00 Pr\u00e9sentations de l\u2019imagerie par MS (N. Desbenoit\/S. Chaignepain)<br>12:30 Pause d\u00e9jeuner.<br>14:00 Groupe 1 TP Imagerie MSI<br>14:00 Groupe 2 TP Prot\u00e9omique (Acquisition et traitement des donn\u00e9es)<br>17:00 Fin de la journ\u00e9e.<br><br><strong>Day 2<\/strong> <strong>(4 juin 2026)<\/strong><br>09:00 Caf\u00e9 d\u2019accueil.<br>09:10 Imagerie Multimodale (N. Desbenoit)<br>10:00 Application en Sant\u00e9\u00a0: compl\u00e9mentarit\u00e9 des approches MSI et prot\u00e9omique pour caract\u00e9riser le cancer du pancr\u00e9as (M. Moreau et J. Jaubert)<br>10:45 Pause-caf\u00e9.<br>11:00 Potentialit\u00e9 du logiciel IPA pour l\u2019annotation fonctionnelle des donn\u00e9es omiques (M. Moreau)<br>12:00 Fin de la journ\u00e9e.<\/td><\/tr><\/tbody><\/table><\/figure>","protected":false},"excerpt":{"rendered":"<p>Bordeaux Proteome organise cette ann\u00e9e encore son atelier technologique, con\u00e7u pour initier les participants aux principes et aux applications de l\u2019analyse prot\u00e9omique et de l\u2019imagerie par spectrom\u00e9trie de masse. Comme en 2025, cet atelier couvrira l\u2019ensemble du processus, depuis la pr\u00e9paration des \u00e9chantillons jusqu\u2019\u00e0 l\u2019acquisition et au traitement des donn\u00e9es, [&hellip;]<\/p>\n","protected":false},"author":1,"featured_media":0,"parent":0,"menu_order":0,"comment_status":"closed","ping_status":"closed","template":"","meta":{"footnotes":""},"class_list":["post-2191","page","type-page","status-publish","hentry"],"aioseo_notices":[],"jetpack-related-posts":[],"jetpack_sharing_enabled":true,"_links":{"self":[{"href":"https:\/\/proteome.u-bordeaux.fr\/en\/wp-json\/wp\/v2\/pages\/2191","targetHints":{"allow":["GET"]}}],"collection":[{"href":"https:\/\/proteome.u-bordeaux.fr\/en\/wp-json\/wp\/v2\/pages"}],"about":[{"href":"https:\/\/proteome.u-bordeaux.fr\/en\/wp-json\/wp\/v2\/types\/page"}],"author":[{"embeddable":true,"href":"https:\/\/proteome.u-bordeaux.fr\/en\/wp-json\/wp\/v2\/users\/1"}],"replies":[{"embeddable":true,"href":"https:\/\/proteome.u-bordeaux.fr\/en\/wp-json\/wp\/v2\/comments?post=2191"}],"version-history":[{"count":13,"href":"https:\/\/proteome.u-bordeaux.fr\/en\/wp-json\/wp\/v2\/pages\/2191\/revisions"}],"predecessor-version":[{"id":2234,"href":"https:\/\/proteome.u-bordeaux.fr\/en\/wp-json\/wp\/v2\/pages\/2191\/revisions\/2234"}],"wp:attachment":[{"href":"https:\/\/proteome.u-bordeaux.fr\/en\/wp-json\/wp\/v2\/media?parent=2191"}],"curies":[{"name":"wp","href":"https:\/\/api.w.org\/{rel}","templated":true}]}}