{"id":2010,"date":"2025-03-13T10:22:37","date_gmt":"2025-03-13T09:22:37","guid":{"rendered":"https:\/\/proteome.u-bordeaux.fr\/?page_id=2010"},"modified":"2025-03-13T11:12:32","modified_gmt":"2025-03-13T10:12:32","slug":"ateliers-bordeaux-proteome-2025","status":"publish","type":"page","link":"https:\/\/proteome.u-bordeaux.fr\/en\/ateliers-bordeaux-proteome-2025\/","title":{"rendered":"Ateliers Bordeaux Proteome 2025"},"content":{"rendered":"<p id=\"block-e74dd13e-4d47-4d3f-87ec-c7401479a6fa\">Comme en 2024, l&rsquo;atelier technologique organis\u00e9 par Bordeaux Proteome cette ann\u00e9e vise \u00e0 initier les participants aux principes de l&rsquo;analyse prot\u00e9omique, depuis la pr\u00e9paration des \u00e9chantillons jusqu&rsquo;au traitement des donn\u00e9es de LC-MS, en passant par l&rsquo;acquisition des donn\u00e9es.<\/p>\n\n\n\n<p>Ce programme permet aux participants de mieux comprendre le processus d\u2019analyse prot\u00e9omique et d\u2019exploiter les r\u00e9sultats d\u2019un projet en tenant compte de ses limites.<\/p>\n\n\n\n<p>L&rsquo;atelier est propos\u00e9 \u00e0 deux dates diff\u00e9rentes (<strong>15 mai <\/strong>et <strong>22 mai<\/strong>) afin de permettre au plus grand nombre de s&rsquo;inscrire. Chaque session est limit\u00e9e \u00e0 six participants, avec une priorit\u00e9 donn\u00e9e aux doctorants. En fonction du nombre de candidatures, d&rsquo;autres sessions pourront \u00eatre ajout\u00e9es ult\u00e9rieurement.<\/p>\n\n\n\n<p>Une attestation de pr\u00e9sence sera fournie, permettant de faire valoir les heures suivies aupr\u00e8s de l&rsquo;\u00e9cole doctorale.<\/p>\n\n\n\n<hr class=\"wp-block-separator has-alpha-channel-opacity\"\/>\n\n\n\n<div data-wp-interactive=\"core\/file\" class=\"wp-block-file\"><object data-wp-bind--hidden=\"!state.hasPdfPreview\" hidden class=\"wp-block-file__embed\" data=\"https:\/\/proteome.u-bordeaux.fr\/wp-content\/uploads\/2025\/03\/Flyer-atelier-2025-Bordeaux-Proteome.pdf\" type=\"application\/pdf\" style=\"width:100%;height:600px\" aria-label=\"Embed of Flyer atelier 2025 Bordeaux Proteome.\"><\/object><a id=\"wp-block-file--media-45ac6120-5845-445e-a721-21fec2f31742\" href=\"https:\/\/proteome.u-bordeaux.fr\/wp-content\/uploads\/2025\/03\/Flyer-atelier-2025-Bordeaux-Proteome.pdf\">Flyer atelier 2025 Bordeaux Proteome<\/a><a href=\"https:\/\/proteome.u-bordeaux.fr\/wp-content\/uploads\/2025\/03\/Flyer-atelier-2025-Bordeaux-Proteome.pdf\" class=\"wp-block-file__button wp-element-button\" download aria-describedby=\"wp-block-file--media-45ac6120-5845-445e-a721-21fec2f31742\">Download<\/a><\/div>\n\n\n\n<p class=\"has-text-align-center\"><strong><mark style=\"background-color:rgba(0, 0, 0, 0)\" class=\"has-inline-color has-accent-color\">Formulaire d&rsquo;inscription<\/mark><\/strong><\/p>\n\n\n<div class=\"wp-block-jetpack-contact-form is-layout-flex wp-container-jetpack-contact-form-is-layout-b7ed9015 wp-block-jetpack-contact-form-is-layout-flex\"><a href=\"https:\/\/proteome.u-bordeaux.fr\/en\/ateliers-bordeaux-proteome-2025\/\" target=\"_blank\" rel=\"noopener noreferrer\">Submit a form.<\/a><\/div>\n\n\n<hr class=\"wp-block-separator has-alpha-channel-opacity\"\/>\n\n\n\n<p id=\"block-796a0018-c445-45fe-b102-f3b6a04db06a\">Date limite d&rsquo;inscription le 1er mai 2025<\/p>\n\n\n\n<hr class=\"wp-block-separator has-alpha-channel-opacity\" id=\"block-a41f901c-b978-4254-ba58-e41da1eb8a4a\"\/>\n\n\n\n<figure class=\"wp-block-table\"><table class=\"has-fixed-layout\"><tbody><tr><td><strong>Programme de la 1\/2 journ\u00e9e<\/strong><\/td><\/tr><tr><td><strong>08:45 &#8211; 09:00<\/strong> Accueil et petit d\u00e9jeuner<br><strong>09:00 &#8211; 10:00 <\/strong>Principes de base en spectrom\u00e9trie de masse appliqu\u00e9e \u00e0 l&rsquo;analyse prot\u00e9omique<br><strong>10:00 &#8211; 11:00<\/strong> Atelier pratique<br><strong>11:00 &#8211; 12:00 <\/strong>Traitement des donn\u00e9es<br><strong>12:00 &#8211; 12:30 <\/strong>Visualisation, interpr\u00e9patation des data omiques &#8230; questions diverses<br><\/td><\/tr><\/tbody><\/table><\/figure>\n\n\n\n<p id=\"block-3ccb540f-42e9-470e-a984-c5f744563315\"><\/p>\n\n\n\n<p><\/p>","protected":false},"excerpt":{"rendered":"<p>Comme en 2024, l&rsquo;atelier technologique organis\u00e9 par Bordeaux Proteome cette ann\u00e9e vise \u00e0 initier les participants aux principes de l&rsquo;analyse prot\u00e9omique, depuis la pr\u00e9paration des \u00e9chantillons jusqu&rsquo;au traitement des donn\u00e9es de LC-MS, en passant par l&rsquo;acquisition des donn\u00e9es. Ce programme permet aux participants de mieux comprendre le processus d\u2019analyse prot\u00e9omique [&hellip;]<\/p>\n","protected":false},"author":1,"featured_media":0,"parent":0,"menu_order":0,"comment_status":"closed","ping_status":"closed","template":"","meta":{"footnotes":""},"class_list":["post-2010","page","type-page","status-publish","hentry"],"aioseo_notices":[],"jetpack-related-posts":[],"jetpack_sharing_enabled":true,"_links":{"self":[{"href":"https:\/\/proteome.u-bordeaux.fr\/en\/wp-json\/wp\/v2\/pages\/2010","targetHints":{"allow":["GET"]}}],"collection":[{"href":"https:\/\/proteome.u-bordeaux.fr\/en\/wp-json\/wp\/v2\/pages"}],"about":[{"href":"https:\/\/proteome.u-bordeaux.fr\/en\/wp-json\/wp\/v2\/types\/page"}],"author":[{"embeddable":true,"href":"https:\/\/proteome.u-bordeaux.fr\/en\/wp-json\/wp\/v2\/users\/1"}],"replies":[{"embeddable":true,"href":"https:\/\/proteome.u-bordeaux.fr\/en\/wp-json\/wp\/v2\/comments?post=2010"}],"version-history":[{"count":11,"href":"https:\/\/proteome.u-bordeaux.fr\/en\/wp-json\/wp\/v2\/pages\/2010\/revisions"}],"predecessor-version":[{"id":2105,"href":"https:\/\/proteome.u-bordeaux.fr\/en\/wp-json\/wp\/v2\/pages\/2010\/revisions\/2105"}],"wp:attachment":[{"href":"https:\/\/proteome.u-bordeaux.fr\/en\/wp-json\/wp\/v2\/media?parent=2010"}],"curies":[{"name":"wp","href":"https:\/\/api.w.org\/{rel}","templated":true}]}}