{"id":195,"date":"2022-10-21T10:24:18","date_gmt":"2022-10-21T08:24:18","guid":{"rendered":"http:\/\/proteome.u-bordeaux.fr\/?page_id=195"},"modified":"2026-02-18T09:12:22","modified_gmt":"2026-02-18T08:12:22","slug":"qualite","status":"publish","type":"page","link":"https:\/\/proteome.u-bordeaux.fr\/en\/qualite\/","title":{"rendered":"Quality"},"content":{"rendered":"<p class=\"has-text-align-justify justification_texte\">The Bordeaux Proteome Platform has implemented a Quality Approach according to the requirements of ISO 9001 and NF X50-900 standards.<\/p>\n\n\n\n<p class=\"has-text-align-justify justification_texte\">On February 2, 2012, the Bordeaux Proteome Platform was first certified ISO 9001:2008 by the LRQA organization. The certified Quality Management System covers our activities in \"Research, technological developments, and expertise in mass spectrometry and proteomics.\" Since February 2, 2015, the Proteome Platform has also been certified NF X50-900 by the LRQA organization.<\/p>\n\n\n\n<p class=\"has-text-align-justify justification_texte\">These organizational standards aim to guarantee an optimal organization of the structure, for the benefit of the customers and collaborators who call on us. All aspects of the organization of the structure are described and followed. The activities of Research Provision as well as Research and Development are traced. The equipment, structural elements of our activity, are monitored and optimized. The staff is continuously trained in the latest generation instruments and methodologies. The management of the structure works to constantly offer innovative technologies to meet the demands of the local, national and international scientific community around issues related to protein analysis. In addition, a \u201ccontinuous improvement\u201d objective has been set up in order to improve our methods and best satisfy all of our partners.<\/p>\n\n\n\n<p class=\"has-text-align-justify justification_texte\">In this context, do not hesitate to send us your comments which will enrich our reflections on the improvements to be made to our system.<\/p>\n\n\n\n<figure class=\"wp-block-image size-large\"><img data-recalc-dims=\"1\" loading=\"lazy\" decoding=\"async\" width=\"750\" height=\"422\" src=\"https:\/\/i0.wp.com\/proteome.u-bordeaux.fr\/wp-content\/uploads\/2023\/03\/cartographie-des-processus-230313-2.png?resize=750%2C422&#038;ssl=1\" alt=\"\" class=\"wp-image-1275\" srcset=\"https:\/\/i0.wp.com\/proteome.u-bordeaux.fr\/wp-content\/uploads\/2023\/03\/cartographie-des-processus-230313-2.png?resize=1024%2C576&amp;ssl=1 1024w, https:\/\/i0.wp.com\/proteome.u-bordeaux.fr\/wp-content\/uploads\/2023\/03\/cartographie-des-processus-230313-2.png?resize=300%2C169&amp;ssl=1 300w, https:\/\/i0.wp.com\/proteome.u-bordeaux.fr\/wp-content\/uploads\/2023\/03\/cartographie-des-processus-230313-2.png?resize=768%2C432&amp;ssl=1 768w, https:\/\/i0.wp.com\/proteome.u-bordeaux.fr\/wp-content\/uploads\/2023\/03\/cartographie-des-processus-230313-2.png?resize=18%2C10&amp;ssl=1 18w, https:\/\/i0.wp.com\/proteome.u-bordeaux.fr\/wp-content\/uploads\/2023\/03\/cartographie-des-processus-230313-2.png?w=1280&amp;ssl=1 1280w\" sizes=\"auto, (max-width: 750px) 100vw, 750px\" \/><\/figure>","protected":false},"excerpt":{"rendered":"<p>La Plateforme Bordeaux Proteome a mis en place une D\u00e9marche Qualit\u00e9 selon les exigences des normes ISO 9001 et NF X50-900. Le 2 f\u00e9vrier 2012, la Plateforme Bordeaux Proteome a d\u2019abord \u00e9t\u00e9 certifi\u00e9e ISO 9001 : 2008 par l\u2019organisme LRQA. Le Syst\u00e8me de Management de la Qualit\u00e9 certifi\u00e9 concerne nos [&hellip;]<\/p>\n","protected":false},"author":1,"featured_media":0,"parent":0,"menu_order":0,"comment_status":"closed","ping_status":"closed","template":"page-templates\/template-page-sidebar.php","meta":{"footnotes":""},"class_list":["post-195","page","type-page","status-publish","hentry"],"aioseo_notices":[],"jetpack-related-posts":[],"jetpack_sharing_enabled":true,"_links":{"self":[{"href":"https:\/\/proteome.u-bordeaux.fr\/en\/wp-json\/wp\/v2\/pages\/195","targetHints":{"allow":["GET"]}}],"collection":[{"href":"https:\/\/proteome.u-bordeaux.fr\/en\/wp-json\/wp\/v2\/pages"}],"about":[{"href":"https:\/\/proteome.u-bordeaux.fr\/en\/wp-json\/wp\/v2\/types\/page"}],"author":[{"embeddable":true,"href":"https:\/\/proteome.u-bordeaux.fr\/en\/wp-json\/wp\/v2\/users\/1"}],"replies":[{"embeddable":true,"href":"https:\/\/proteome.u-bordeaux.fr\/en\/wp-json\/wp\/v2\/comments?post=195"}],"version-history":[{"count":16,"href":"https:\/\/proteome.u-bordeaux.fr\/en\/wp-json\/wp\/v2\/pages\/195\/revisions"}],"predecessor-version":[{"id":2241,"href":"https:\/\/proteome.u-bordeaux.fr\/en\/wp-json\/wp\/v2\/pages\/195\/revisions\/2241"}],"wp:attachment":[{"href":"https:\/\/proteome.u-bordeaux.fr\/en\/wp-json\/wp\/v2\/media?parent=195"}],"curies":[{"name":"wp","href":"https:\/\/api.w.org\/{rel}","templated":true}]}}