{"id":193,"date":"2022-10-21T10:24:18","date_gmt":"2022-10-21T08:24:18","guid":{"rendered":"http:\/\/proteome.u-bordeaux.fr\/?page_id=193"},"modified":"2026-03-04T10:58:33","modified_gmt":"2026-03-04T09:58:33","slug":"lequipe","status":"publish","type":"page","link":"https:\/\/proteome.u-bordeaux.fr\/en\/lequipe\/","title":{"rendered":"The Team"},"content":{"rendered":"<h2 class=\"wp-block-heading\">Responsable<\/h2>\n\n\n<div class=\"tmm tmm_responsable\"><div class=\"tmm_3_columns tmm_wrap tmm_plugin_f\"><span class=\"tmm_two_containers_tablet\"><\/span><div class=\"tmm_container\"><div class=\"tmm_member\" style=\"border-top:#333333 solid 5px;\"><div class=\"tmm_textblock\"><div class=\"tmm_names\"><span class=\"tmm_fname\">Caroline Tokarski<\/span> <\/div><div class=\"tmm_job\">Professeur Univ. Bordeaux, Responsable de la Plateforme<\/div><div class=\"tmm_scblock\"><a class=\"tmm_sociallink\" href=\"mailto:&#099;&#097;&#114;oli&#110;&#101;.&#116;o&#107;&#097;&#114;s&#107;i&#064;&#117;-&#098;&#111;&#114;de&#097;&#117;x&#046;fr\" title=\"\"><img data-recalc-dims=\"1\" decoding=\"async\" alt=\"\" src=\"https:\/\/i0.wp.com\/proteome.u-bordeaux.fr\/wp-content\/plugins\/team-members\/inc\/img\/links\/email.png?w=750&#038;ssl=1\"\/><\/a><a class=\"tmm_sociallink\" href=\"tel:+33557575624\" title=\"\"><img data-recalc-dims=\"1\" decoding=\"async\" alt=\"\" src=\"https:\/\/i0.wp.com\/proteome.u-bordeaux.fr\/wp-content\/plugins\/team-members\/inc\/img\/links\/phone.png?w=750&#038;ssl=1\"\/><\/a><a target=\"_blank\" class=\"tmm_sociallink\" href=\"https:\/\/www.researchgate.net\/scientific-contributions\/Caroline-Tokarski-33674526\" title=\"\"><img data-recalc-dims=\"1\" decoding=\"async\" alt=\"\" src=\"https:\/\/i0.wp.com\/proteome.u-bordeaux.fr\/wp-content\/plugins\/team-members\/inc\/img\/links\/researchgate.png?w=750&#038;ssl=1\"\/><\/a><\/div><\/div><\/div><div style=\"clear:both;\"><\/div><\/div><\/div><\/div>\n\n\n\n<h2 class=\"wp-block-heading\">Service delivery<\/h2>\n\n\n<div class=\"tmm tmm_lequipe\"><div class=\"tmm_4_columns tmm_wrap tmm_theme_f\"><span class=\"tmm_two_containers_tablet\"><\/span><div class=\"tmm_container\"><div class=\"tmm_member\" style=\"border-top:#333333 solid 5px;\"><div class=\"tmm_textblock\"><div class=\"tmm_names\"><span class=\"tmm_fname\">Stephane<\/span> <span class=\"tmm_lname\">Claverol<\/span><\/div><div class=\"tmm_job\">Ing\u00e9nieur de Recherche, Resp. Technique<\/div><div class=\"tmm_scblock\"><a class=\"tmm_sociallink\" href=\"mailto:&#115;&#116;ep&#104;&#097;&#110;e&#046;&#099;&#108;&#097;&#118;&#101;ro&#108;&#064;&#117;-b&#111;r&#100;e&#097;u&#120;.f&#114;\" title=\"\"><img data-recalc-dims=\"1\" decoding=\"async\" alt=\"\" src=\"https:\/\/i0.wp.com\/proteome.u-bordeaux.fr\/wp-content\/plugins\/team-members\/inc\/img\/links\/email.png?w=750&#038;ssl=1\"\/><\/a><a class=\"tmm_sociallink\" href=\"tel:+33557574615\" title=\"\"><img data-recalc-dims=\"1\" decoding=\"async\" alt=\"\" src=\"https:\/\/i0.wp.com\/proteome.u-bordeaux.fr\/wp-content\/plugins\/team-members\/inc\/img\/links\/phone.png?w=750&#038;ssl=1\"\/><\/a><a target=\"_blank\" class=\"tmm_sociallink\" href=\"https:\/\/www.researchgate.net\/profile\/Stephane-Claverol\" title=\"\"><img data-recalc-dims=\"1\" decoding=\"async\" alt=\"\" src=\"https:\/\/i0.wp.com\/proteome.u-bordeaux.fr\/wp-content\/plugins\/team-members\/inc\/img\/links\/researchgate.png?w=750&#038;ssl=1\"\/><\/a><\/div><\/div><\/div><div class=\"tmm_member\" style=\"border-top:#333333 solid 5px;\"><div class=\"tmm_textblock\"><div class=\"tmm_names\"><span class=\"tmm_fname\">Jade<\/span> <span class=\"tmm_lname\">Jaubert<\/span><\/div><div class=\"tmm_job\">Technicienne de Recherche<\/div><div class=\"tmm_scblock\"><a class=\"tmm_sociallink\" href=\"mailto:&#106;a&#100;e&#046;&#106;au&#098;er&#116;&#064;&#117;-&#098;&#111;rdeaux&#046;&#102;r\" title=\"\"><img data-recalc-dims=\"1\" decoding=\"async\" alt=\"\" src=\"https:\/\/i0.wp.com\/proteome.u-bordeaux.fr\/wp-content\/plugins\/team-members\/inc\/img\/links\/email.png?w=750&#038;ssl=1\"\/><\/a><a class=\"tmm_sociallink\" href=\"tel:+33557574615\" title=\"\"><img data-recalc-dims=\"1\" decoding=\"async\" alt=\"\" src=\"https:\/\/i0.wp.com\/proteome.u-bordeaux.fr\/wp-content\/plugins\/team-members\/inc\/img\/links\/phone.png?w=750&#038;ssl=1\"\/><\/a><a target=\"_blank\" class=\"tmm_sociallink\" href=\"https:\/\/www.linkedin.com\/in\/jade-jaubert-a04975239\/\" title=\"\"><img data-recalc-dims=\"1\" decoding=\"async\" alt=\"\" src=\"https:\/\/i0.wp.com\/proteome.u-bordeaux.fr\/wp-content\/plugins\/team-members\/inc\/img\/links\/linkedin.png?w=750&#038;ssl=1\"\/><\/a><\/div><\/div><\/div><span class=\"tmm_two_containers_tablet\"><\/span><div class=\"tmm_member\" style=\"border-top:#333333 solid 5px;\"><div class=\"tmm_textblock\"><div class=\"tmm_names\"><span class=\"tmm_fname\">Francesca<\/span> <span class=\"tmm_lname\">Galluzzi<\/span><\/div><div class=\"tmm_job\">Scientific Business Developer         <\/div><div class=\"tmm_scblock\"><a class=\"tmm_sociallink\" href=\"mailto:f&#114;anc&#101;sca&#046;&#103;allu&#122;z&#105;&#064;&#117;&#045;b&#111;&#114;de&#097;&#117;&#120;.&#102;&#114;\" title=\"\"><img data-recalc-dims=\"1\" decoding=\"async\" alt=\"\" src=\"https:\/\/i0.wp.com\/proteome.u-bordeaux.fr\/wp-content\/plugins\/team-members\/inc\/img\/links\/email.png?w=750&#038;ssl=1\"\/><\/a><a target=\"_blank\" class=\"tmm_sociallink\" href=\"https:\/\/www.researchgate.net\/profile\/Francesca-Galluzzi\" title=\"\"><img data-recalc-dims=\"1\" decoding=\"async\" alt=\"\" src=\"https:\/\/i0.wp.com\/proteome.u-bordeaux.fr\/wp-content\/plugins\/team-members\/inc\/img\/links\/researchgate.png?w=750&#038;ssl=1\"\/><\/a><a target=\"_blank\" class=\"tmm_sociallink\" href=\"https:\/\/www.linkedin.com\/in\/francesca-galluzzi-747332135\/\" title=\"\"><img data-recalc-dims=\"1\" decoding=\"async\" alt=\"\" src=\"https:\/\/i0.wp.com\/proteome.u-bordeaux.fr\/wp-content\/plugins\/team-members\/inc\/img\/links\/linkedin.png?w=750&#038;ssl=1\"\/><\/a><\/div><\/div><\/div><div style=\"clear:both;\"><\/div><\/div><\/div><\/div>\n\n\n\n<h2 class=\"wp-block-heading\">Research and Development<\/h2>\n\n\n<div class=\"tmm tmm_rrd\"><div class=\"tmm_4_columns tmm_wrap tmm_plugin_f\"><span class=\"tmm_two_containers_tablet\"><\/span><div class=\"tmm_container\"><div class=\"tmm_member\" style=\"border-top:#333333 solid 5px;\"><div class=\"tmm_textblock\"><div class=\"tmm_names\"><span class=\"tmm_fname\">Katell<\/span> <span class=\"tmm_lname\">Bathany<\/span><\/div><div class=\"tmm_job\">Ing\u00e9nieur de Recherche, Univ. Bordeaux<\/div><div class=\"tmm_scblock\"><a class=\"tmm_sociallink\" href=\"mailto:k&#097;&#116;ell.b&#097;&#116;&#104;any&#064;&#117;-&#098;o&#114;d&#101;&#097;ux.&#102;&#114;\" title=\"\"><img data-recalc-dims=\"1\" decoding=\"async\" alt=\"\" src=\"https:\/\/i0.wp.com\/proteome.u-bordeaux.fr\/wp-content\/plugins\/team-members\/inc\/img\/links\/email.png?w=750&#038;ssl=1\"\/><\/a><a class=\"tmm_sociallink\" href=\"tel:+33557575622\" title=\"\"><img data-recalc-dims=\"1\" decoding=\"async\" alt=\"\" src=\"https:\/\/i0.wp.com\/proteome.u-bordeaux.fr\/wp-content\/plugins\/team-members\/inc\/img\/links\/phone.png?w=750&#038;ssl=1\"\/><\/a><a target=\"_blank\" class=\"tmm_sociallink\" href=\"https:\/\/www.researchgate.net\/scientific-contributions\/Katell-Bathany-38453106\" title=\"\"><img data-recalc-dims=\"1\" decoding=\"async\" alt=\"\" src=\"https:\/\/i0.wp.com\/proteome.u-bordeaux.fr\/wp-content\/plugins\/team-members\/inc\/img\/links\/researchgate.png?w=750&#038;ssl=1\"\/><\/a><\/div><\/div><\/div><div class=\"tmm_member\" style=\"border-top:#333333 solid 5px;\"><div class=\"tmm_textblock\"><div class=\"tmm_names\"><span class=\"tmm_fname\">St\u00e9phane<\/span> <span class=\"tmm_lname\">Chaignepain<\/span><\/div><div class=\"tmm_job\">Ing\u00e9nieur de Recherche, CNRS<\/div><div class=\"tmm_scblock\"><a class=\"tmm_sociallink\" href=\"mailto:steph&#097;&#110;&#101;.&#099;haignep&#097;in&#064;u-&#098;&#111;rde&#097;&#117;x.&#102;&#114;\" title=\"\"><img data-recalc-dims=\"1\" decoding=\"async\" alt=\"\" src=\"https:\/\/i0.wp.com\/proteome.u-bordeaux.fr\/wp-content\/plugins\/team-members\/inc\/img\/links\/email.png?w=750&#038;ssl=1\"\/><\/a><a class=\"tmm_sociallink\" href=\"tel:+33557575622\" title=\"\"><img data-recalc-dims=\"1\" decoding=\"async\" alt=\"\" src=\"https:\/\/i0.wp.com\/proteome.u-bordeaux.fr\/wp-content\/plugins\/team-members\/inc\/img\/links\/phone.png?w=750&#038;ssl=1\"\/><\/a><a target=\"_blank\" class=\"tmm_sociallink\" href=\"https:\/\/www.linkedin.com\/in\/stphane-chaignepain-88ba94117\" title=\"\"><img data-recalc-dims=\"1\" decoding=\"async\" alt=\"\" src=\"https:\/\/i0.wp.com\/proteome.u-bordeaux.fr\/wp-content\/plugins\/team-members\/inc\/img\/links\/linkedin.png?w=750&#038;ssl=1\"\/><\/a><\/div><\/div><\/div><span class=\"tmm_two_containers_tablet\"><\/span><div class=\"tmm_member\" style=\"border-top:#333333 solid 5px;\"><div class=\"tmm_textblock\"><div class=\"tmm_names\"><span class=\"tmm_fname\">Nicolas<\/span> <span class=\"tmm_lname\">Desbenoit<\/span><\/div><div class=\"tmm_job\">Charg\u00e9 de Recherche, CNRS<\/div><div class=\"tmm_scblock\"><a class=\"tmm_sociallink\" href=\"mailto:nic&#111;&#108;&#097;&#115;&#046;d&#101;sbenoit&#064;u-&#098;&#111;rde&#097;ux.&#102;&#114;\" title=\"\"><img data-recalc-dims=\"1\" decoding=\"async\" alt=\"\" src=\"https:\/\/i0.wp.com\/proteome.u-bordeaux.fr\/wp-content\/plugins\/team-members\/inc\/img\/links\/email.png?w=750&#038;ssl=1\"\/><\/a><a class=\"tmm_sociallink\" href=\"tel:+33557575623\" title=\"\"><img data-recalc-dims=\"1\" decoding=\"async\" alt=\"\" src=\"https:\/\/i0.wp.com\/proteome.u-bordeaux.fr\/wp-content\/plugins\/team-members\/inc\/img\/links\/phone.png?w=750&#038;ssl=1\"\/><\/a><a target=\"_blank\" class=\"tmm_sociallink\" href=\"https:\/\/www.linkedin.com\/in\/nicolas-desbenoit-32535038\" title=\"\"><img data-recalc-dims=\"1\" decoding=\"async\" alt=\"\" src=\"https:\/\/i0.wp.com\/proteome.u-bordeaux.fr\/wp-content\/plugins\/team-members\/inc\/img\/links\/linkedin.png?w=750&#038;ssl=1\"\/><\/a><\/div><\/div><\/div><div class=\"tmm_member\" style=\"border-top:#333333 solid 5px;\"><div class=\"tmm_textblock\"><div class=\"tmm_names\"><span class=\"tmm_fname\">Yoann<\/span> <span class=\"tmm_lname\">Fautras<\/span><\/div><div class=\"tmm_job\">Doctorant<\/div><div class=\"tmm_scblock\"><a class=\"tmm_sociallink\" href=\"mailto:&#121;&#111;&#097;n&#110;.&#102;&#097;ut&#114;as&#064;&#117;-&#098;&#111;&#114;deau&#120;.fr\" title=\"\"><img data-recalc-dims=\"1\" decoding=\"async\" alt=\"\" src=\"https:\/\/i0.wp.com\/proteome.u-bordeaux.fr\/wp-content\/plugins\/team-members\/inc\/img\/links\/email.png?w=750&#038;ssl=1\"\/><\/a><\/div><\/div><\/div><span class=\"tmm_two_containers_tablet\"><\/span><\/div><span class=\"tmm_columns_containers_desktop\"><\/span><div class=\"tmm_container\"><div class=\"tmm_member\" style=\"border-top:#333333 solid 5px;\"><div class=\"tmm_textblock\"><div class=\"tmm_names\"><span class=\"tmm_fname\">Boutayna<\/span> <span class=\"tmm_lname\">Frih<\/span><\/div><div class=\"tmm_job\">Maitre de Conf\u00e9rences, Univ. Bordeaux<\/div><div class=\"tmm_scblock\"><a class=\"tmm_sociallink\" href=\"mailto:&#098;&#111;&#117;ta&#121;n&#097;&#046;&#102;rih&#064;&#117;&#045;bord&#101;au&#120;&#046;fr\" title=\"\"><img data-recalc-dims=\"1\" decoding=\"async\" alt=\"\" src=\"https:\/\/i0.wp.com\/proteome.u-bordeaux.fr\/wp-content\/plugins\/team-members\/inc\/img\/links\/email.png?w=750&#038;ssl=1\"\/><\/a><a target=\"_blank\" class=\"tmm_sociallink\" href=\"https:\/\/www.researchgate.net\/profile\/Boutayna-Rhourri-Frih\" title=\"\"><img data-recalc-dims=\"1\" decoding=\"async\" alt=\"\" src=\"https:\/\/i0.wp.com\/proteome.u-bordeaux.fr\/wp-content\/plugins\/team-members\/inc\/img\/links\/researchgate.png?w=750&#038;ssl=1\"\/><\/a><a target=\"_blank\" class=\"tmm_sociallink\" href=\"https:\/\/www.linkedin.com\/in\/boutaynarhourrifrih\/\" title=\"\"><img data-recalc-dims=\"1\" decoding=\"async\" alt=\"\" src=\"https:\/\/i0.wp.com\/proteome.u-bordeaux.fr\/wp-content\/plugins\/team-members\/inc\/img\/links\/linkedin.png?w=750&#038;ssl=1\"\/><\/a><\/div><\/div><\/div><div class=\"tmm_member\" style=\"border-top:#333333 solid 5px;\"><div class=\"tmm_textblock\"><div class=\"tmm_names\"><span class=\"tmm_fname\">Caroline<\/span> <span class=\"tmm_lname\">Le Senechal<\/span><\/div><div class=\"tmm_job\">Technicienne, Univ. Bordeaux<\/div><div class=\"tmm_scblock\"><a class=\"tmm_sociallink\" href=\"mailto:ca&#114;o&#108;i&#110;&#101;.le&#045;s&#101;n&#101;&#099;&#104;a&#108;&#064;u&#045;&#098;o&#114;&#100;&#101;au&#120;&#046;&#102;r\" title=\"\"><img data-recalc-dims=\"1\" decoding=\"async\" alt=\"\" src=\"https:\/\/i0.wp.com\/proteome.u-bordeaux.fr\/wp-content\/plugins\/team-members\/inc\/img\/links\/email.png?w=750&#038;ssl=1\"\/><\/a><a class=\"tmm_sociallink\" href=\"tel:+33557575622\" title=\"\"><img data-recalc-dims=\"1\" decoding=\"async\" alt=\"\" src=\"https:\/\/i0.wp.com\/proteome.u-bordeaux.fr\/wp-content\/plugins\/team-members\/inc\/img\/links\/phone.png?w=750&#038;ssl=1\"\/><\/a><\/div><\/div><\/div><span class=\"tmm_two_containers_tablet\"><\/span><div class=\"tmm_member\" style=\"border-top:#333333 solid 5px;\"><div class=\"tmm_textblock\"><div class=\"tmm_names\"><span class=\"tmm_fname\">Aur\u00e9lie<\/span> <span class=\"tmm_lname\">Manin<\/span><\/div><div class=\"tmm_job\">Charg\u00e9e de Recherche, CNRS<\/div><div class=\"tmm_scblock\"><a class=\"tmm_sociallink\" href=\"mailto:&#097;ureli&#101;.&#109;&#097;&#110;&#105;&#110;&#064;cnr&#115;.fr\" title=\"\"><img data-recalc-dims=\"1\" decoding=\"async\" alt=\"\" src=\"https:\/\/i0.wp.com\/proteome.u-bordeaux.fr\/wp-content\/plugins\/team-members\/inc\/img\/links\/email.png?w=750&#038;ssl=1\"\/><\/a><a target=\"_blank\" class=\"tmm_sociallink\" href=\"https:\/\/www.researchgate.net\/profile\/Aurelie-Manin\" title=\"\"><img data-recalc-dims=\"1\" decoding=\"async\" alt=\"\" src=\"https:\/\/i0.wp.com\/proteome.u-bordeaux.fr\/wp-content\/plugins\/team-members\/inc\/img\/links\/researchgate.png?w=750&#038;ssl=1\"\/><\/a><\/div><\/div><\/div><div class=\"tmm_member\" style=\"border-top:#333333 solid 5px;\"><div class=\"tmm_textblock\"><div class=\"tmm_names\"><span class=\"tmm_fname\">M\u00e9lanie<\/span> <span class=\"tmm_lname\">Moreau<\/span><\/div><div class=\"tmm_job\">Ing\u00e9nieur de Recherche, CNRS (CDD)<\/div><div class=\"tmm_scblock\"><a class=\"tmm_sociallink\" href=\"mailto:&#109;e&#108;a&#110;i&#101;.m&#111;&#114;ea&#117;&#046;&#049;&#064;&#117;-&#098;&#111;rde&#097;&#117;x&#046;f&#114;\" title=\"\"><img data-recalc-dims=\"1\" decoding=\"async\" alt=\"\" src=\"https:\/\/i0.wp.com\/proteome.u-bordeaux.fr\/wp-content\/plugins\/team-members\/inc\/img\/links\/email.png?w=750&#038;ssl=1\"\/><\/a><a target=\"_blank\" class=\"tmm_sociallink\" href=\"https:\/\/www.linkedin.com\/in\/m\u00e9lanie-moreau-52107a186\" title=\"\"><img data-recalc-dims=\"1\" decoding=\"async\" alt=\"\" src=\"https:\/\/i0.wp.com\/proteome.u-bordeaux.fr\/wp-content\/plugins\/team-members\/inc\/img\/links\/linkedin.png?w=750&#038;ssl=1\"\/><\/a><a target=\"_blank\" class=\"tmm_sociallink\" href=\"https:\/\/www.researchgate.net\/profile\/Melanie-Moreau-5\" title=\"\"><img data-recalc-dims=\"1\" decoding=\"async\" alt=\"\" src=\"https:\/\/i0.wp.com\/proteome.u-bordeaux.fr\/wp-content\/plugins\/team-members\/inc\/img\/links\/researchgate.png?w=750&#038;ssl=1\"\/><\/a><\/div><\/div><\/div><span class=\"tmm_two_containers_tablet\"><\/span><\/div><span class=\"tmm_columns_containers_desktop\"><\/span><div class=\"tmm_container\"><div class=\"tmm_member\" style=\"border-top:#333333 solid 5px;\"><div class=\"tmm_textblock\"><div class=\"tmm_names\"><span class=\"tmm_fname\">Teresa<\/span> <span class=\"tmm_lname\">Scovacricchi<\/span><\/div><div class=\"tmm_job\">Doctorante<\/div><div class=\"tmm_scblock\"><a class=\"tmm_sociallink\" href=\"mailto:t&#101;res&#097;.&#115;&#099;ov&#097;cri&#099;ch&#105;&#064;u&#045;&#098;&#111;rd&#101;a&#117;&#120;.fr\" title=\"\"><img data-recalc-dims=\"1\" decoding=\"async\" alt=\"\" src=\"https:\/\/i0.wp.com\/proteome.u-bordeaux.fr\/wp-content\/plugins\/team-members\/inc\/img\/links\/email.png?w=750&#038;ssl=1\"\/><\/a><a target=\"_blank\" class=\"tmm_sociallink\" href=\"https:\/\/www.researchgate.net\/profile\/Teresa-Scovacricchi\" title=\"\"><img data-recalc-dims=\"1\" decoding=\"async\" alt=\"\" src=\"https:\/\/i0.wp.com\/proteome.u-bordeaux.fr\/wp-content\/plugins\/team-members\/inc\/img\/links\/researchgate.png?w=750&#038;ssl=1\"\/><\/a><a target=\"_blank\" class=\"tmm_sociallink\" href=\"https:\/\/www.linkedin.com\/in\/teresa-scovacricchi-988715204\" title=\"\"><img data-recalc-dims=\"1\" decoding=\"async\" alt=\"\" src=\"https:\/\/i0.wp.com\/proteome.u-bordeaux.fr\/wp-content\/plugins\/team-members\/inc\/img\/links\/linkedin.png?w=750&#038;ssl=1\"\/><\/a><\/div><\/div><\/div><div class=\"tmm_member\" style=\"border-top:#333333 solid 5px;\"><div class=\"tmm_textblock\"><div class=\"tmm_names\"><span class=\"tmm_fname\">Brynn<\/span> <span class=\"tmm_lname\">Sundberg<\/span><\/div><div class=\"tmm_job\">Doctorante<\/div><div class=\"tmm_scblock\"><a class=\"tmm_sociallink\" href=\"mailto:&#098;rynn.su&#110;&#100;b&#101;rg&#064;u-bord&#101;&#097;&#117;x.&#102;&#114;\" title=\"\"><img data-recalc-dims=\"1\" decoding=\"async\" alt=\"\" src=\"https:\/\/i0.wp.com\/proteome.u-bordeaux.fr\/wp-content\/plugins\/team-members\/inc\/img\/links\/email.png?w=750&#038;ssl=1\"\/><\/a><a target=\"_blank\" class=\"tmm_sociallink\" href=\"https:\/\/www.linkedin.com\/in\/brynn-sundberg\/?originalSubdomain=be\" title=\"\"><img data-recalc-dims=\"1\" decoding=\"async\" alt=\"\" src=\"https:\/\/i0.wp.com\/proteome.u-bordeaux.fr\/wp-content\/plugins\/team-members\/inc\/img\/links\/linkedin.png?w=750&#038;ssl=1\"\/><\/a><a target=\"_blank\" class=\"tmm_sociallink\" href=\"https:\/\/www.researchgate.net\/profile\/Brynn-Sundberg\" title=\"\"><img data-recalc-dims=\"1\" decoding=\"async\" alt=\"\" src=\"https:\/\/i0.wp.com\/proteome.u-bordeaux.fr\/wp-content\/plugins\/team-members\/inc\/img\/links\/researchgate.png?w=750&#038;ssl=1\"\/><\/a><\/div><\/div><\/div><span class=\"tmm_two_containers_tablet\"><\/span><div class=\"tmm_member\" style=\"border-top:#333333 solid 5px;\"><div class=\"tmm_textblock\"><div class=\"tmm_names\"><span class=\"tmm_fname\">Bertrand<\/span> <span class=\"tmm_lname\">Thomas<\/span><\/div><div class=\"tmm_job\">Ing\u00e9nieur de Recherche, CNRS<\/div><div class=\"tmm_scblock\"><a class=\"tmm_sociallink\" href=\"mailto:&#098;&#101;&#114;tr&#097;nd.t&#104;o&#109;a&#115;&#064;&#117;&#045;b&#111;r&#100;e&#097;&#117;x.&#102;r\" title=\"\"><img data-recalc-dims=\"1\" decoding=\"async\" alt=\"\" src=\"https:\/\/i0.wp.com\/proteome.u-bordeaux.fr\/wp-content\/plugins\/team-members\/inc\/img\/links\/email.png?w=750&#038;ssl=1\"\/><\/a><a target=\"_blank\" class=\"tmm_sociallink\" href=\"https:\/\/www.linkedin.com\/in\/bertrand-thomas-47344027a\/\" title=\"\"><img data-recalc-dims=\"1\" decoding=\"async\" alt=\"\" src=\"https:\/\/i0.wp.com\/proteome.u-bordeaux.fr\/wp-content\/plugins\/team-members\/inc\/img\/links\/linkedin.png?w=750&#038;ssl=1\"\/><\/a><a target=\"_blank\" class=\"tmm_sociallink\" href=\"https:\/\/www.researchgate.net\/profile\/Bertrand-Thomas\" title=\"\"><img data-recalc-dims=\"1\" decoding=\"async\" alt=\"\" src=\"https:\/\/i0.wp.com\/proteome.u-bordeaux.fr\/wp-content\/plugins\/team-members\/inc\/img\/links\/researchgate.png?w=750&#038;ssl=1\"\/><\/a><\/div><\/div><\/div><div class=\"tmm_member\" style=\"border-top:#333333 solid 5px;\"><div class=\"tmm_textblock\"><div class=\"tmm_names\"><span class=\"tmm_fname\">Sebastien<\/span> <span class=\"tmm_lname\">Vilain<\/span><\/div><div class=\"tmm_job\">Professeur Bordeaux INP<\/div><div class=\"tmm_scblock\"><a class=\"tmm_sociallink\" href=\"mailto:seb&#097;st&#105;&#101;n&#046;v&#105;&#108;&#097;&#105;n&#064;b&#111;r&#100;&#101;a&#117;x&#045;&#105;np.f&#114;\" title=\"\"><img data-recalc-dims=\"1\" decoding=\"async\" alt=\"\" src=\"https:\/\/i0.wp.com\/proteome.u-bordeaux.fr\/wp-content\/plugins\/team-members\/inc\/img\/links\/email.png?w=750&#038;ssl=1\"\/><\/a><a class=\"tmm_sociallink\" href=\"tel:+33557575740\" title=\"\"><img data-recalc-dims=\"1\" decoding=\"async\" alt=\"\" src=\"https:\/\/i0.wp.com\/proteome.u-bordeaux.fr\/wp-content\/plugins\/team-members\/inc\/img\/links\/phone.png?w=750&#038;ssl=1\"\/><\/a><a target=\"_blank\" class=\"tmm_sociallink\" href=\"https:\/\/www.researchgate.net\/profile\/Sebastien-Vilain-2\" title=\"\"><img data-recalc-dims=\"1\" decoding=\"async\" alt=\"\" src=\"https:\/\/i0.wp.com\/proteome.u-bordeaux.fr\/wp-content\/plugins\/team-members\/inc\/img\/links\/researchgate.png?w=750&#038;ssl=1\"\/><\/a><\/div><\/div><\/div><div style=\"clear:both;\"><\/div><\/div><\/div><\/div>\n\n\n\n<h2 class=\"wp-block-heading\">Alumni<\/h2>\n\n\n\n<ul class=\"wp-block-list\">\n<li><strong>Vaclav Krupicka<\/strong>, Doctorant, Post-Doctorant (2020-2026)<\/li>\n\n\n\n<li><strong>Virginie Sinet-Mathiot<\/strong>, Post-Doctorant, Fondation FYSSEN (2023-2025).<\/li>\n\n\n\n<li><strong>Quentin Scanvion<\/strong>, Doctorant (2024-2024)<\/li>\n\n\n\n<li><strong>Brunella Cippoletta<\/strong>, Doctorante (2024-2025)<\/li>\n\n\n\n<li><strong>Matilde Kratter<\/strong>, Doctorante (2024)<\/li>\n\n\n\n<li><strong>Christophe Barthe<\/strong>, Ma\u00eetre de Conf\u00e9rence Universit\u00e9 de Bordeaux (2002-2024)<\/li>\n\n\n\n<li><strong>Michael Tuck<\/strong>, Doctorant (2020-2024)<\/li>\n\n\n\n<li><strong>Patricia Costaglioli<\/strong>, Ma\u00eetre de Conf\u00e9rence Bordeaux INP (1998-2023)<\/li>\n\n\n\n<li><strong>Landry Blanc<\/strong>, Post-Doctorant, CNRS (2018-2023).<\/li>\n\n\n\n<li><strong>Catherine Gilbert<\/strong>, Doctorante (2020-2023)<\/li>\n\n\n\n<li><strong>Florent Gr\u00e9lard<\/strong>, Post-Doctorant, CNRS (2021-2023).<\/li>\n\n\n\n<li><strong>Eleftheria Papasavva<\/strong>, Technicienne de Recherche ADERA (2023)<\/li>\n\n\n\n<li><strong>Jean-William Dupuy<\/strong>, Ing\u00e9nieur ADERA (2008-2023).<\/li>\n\n\n\n<li><strong>Anne-Marie Lomenech<\/strong>, Assistante-Ing\u00e9nieur, Universit\u00e9 de Bordeaux (1980-2023).<\/li>\n\n\n\n<li><strong>Francesca Galluzzi<\/strong>, Doctorante (2017-2020) et Post-Doctorante, Universit\u00e9 de Bordeaux (2020-2022).<\/li>\n\n\n\n<li><strong>Corinne Bur\u00e9<\/strong>, Ing\u00e9nieur de Recherche, CNRS (2007-2022).<\/li>\n\n\n\n<li><strong>Fatima Zahra&nbsp;Alem,&nbsp;<\/strong>Etudiante en th\u00e8se, Universit\u00e9 de Bordeaux (2017-2020).<\/li>\n\n\n\n<li><strong>Benoit Allard<\/strong>, Attach\u00e9 Temporaire d&rsquo;Enseignement et de Recherche,&nbsp;Bordeaux-INP (2019-2020).<\/li>\n\n\n\n<li><strong>Catherine Rawlins<\/strong>,&nbsp;Post-Doctorante, CNRS (2019).<\/li>\n\n\n\n<li><strong>Marc Bonneu<\/strong>, Professeur, Bordeaux INP (2000-2019).<\/li>\n\n\n\n<li><strong>Jean-Marie Schmitter<\/strong>,&nbsp;Professeur, Universit\u00e9 de Bordeaux (2000-2019).<\/li>\n\n\n\n<li><strong>Amna Jabbar Siddiqui<\/strong>, Post-Doctorante, Universit\u00e9 de Bordeaux (2018-2019)<\/li>\n\n\n\n<li><strong>Marc Crouzet<\/strong>, Professeur, Universit\u00e9 de Bordeaux (2016-2017).<\/li>\n\n\n\n<li><strong>Luc N\u00e9groni<\/strong>, Ing\u00e9nieur de Recherche, CNRS (2009-2016).<\/li>\n\n\n\n<li><strong>Ecaterina Lozan<\/strong>, Etudiante en th\u00e8se, Universit\u00e9 de Bordeaux (2012-2015).<\/li>\n\n\n\n<li><strong>Delphine Lapaillerie<\/strong>, Technicienne, &nbsp;Universit\u00e9 de Bordeaux (2003-2014).<\/li>\n\n\n\n<li><strong>C\u00e9line Chollet<\/strong>, Post-Doctorante, Universit\u00e9 de Bordeaux (2012-2014).<\/li>\n\n\n\n<li><strong>Michel Perrot<\/strong>, Maitre de Conf\u00e9rences, Universit\u00e9 de Bordeaux.<\/li>\n\n\n\n<li><strong>Yorgos Papastamoulis<\/strong>, Etudiant en th\u00e8se, Universit\u00e9 de Bordeaux.<\/li>\n\n\n\n<li><strong>Latifa Malki<\/strong>, Etudiante en th\u00e8se d&rsquo;exercice de Pharmacie, Universit\u00e9 de Bordeaux (2009-2011).<\/li>\n\n\n\n<li><strong>Renaud Jullien<\/strong>, CDD Ing\u00e9nieur, Universit\u00e9 de Bordeaux (2009-2011).<\/li>\n\n\n\n<li><strong>Armelle Ballade<\/strong>, Etudiante en th\u00e8se, Universit\u00e9 de Bordeaux (2007-2011).<\/li>\n\n\n\n<li><strong>Ad\u00e9line Delcambre<\/strong>, Etudiante en th\u00e8se, Universit\u00e9 de Bordeaux (2007-2010).<\/li>\n\n\n\n<li><strong>Naima Saad<\/strong>, Etudiante en th\u00e8se, Universit\u00e9 de Limoges (2007-2010).<\/li>\n\n\n\n<li><strong>Fabien Xuereb<\/strong>, Etudiant en th\u00e8se, Universit\u00e9 de Bordeaux (2005-2008).<\/li>\n\n\n\n<li><strong>Emilie Solier<\/strong>, CDD Ing\u00e9nieur, Universit\u00e9 de Bordeaux (2007-2008).<\/li>\n\n\n\n<li><strong>Beno\u00eet Plet<\/strong>, Etudiant en th\u00e8se, Universit\u00e9 de Bordeaux (2004-2007).<\/li>\n\n\n\n<li><strong>Antoine Lesur<\/strong>, CDD Ing\u00e9nieur, Universit\u00e9 de Bordeaux (2006-2007).<\/li>\n\n\n\n<li><strong>Jean-Paul Lasserre<\/strong>, Post-doctorant, Universit\u00e9 de Bordeaux (2004-2006).<\/li>\n\n\n\n<li><strong>Anne Chobelet<\/strong>, Etudiante en th\u00e8se, Universit\u00e9 de Bordeaux.<\/li>\n\n\n\n<li><strong>Alexis Nazabal<\/strong>, Etudiant en th\u00e8se, Universit\u00e9 de Bordeaux (2000-2003).<\/li>\n\n\n\n<li><strong>G\u00e9raldine Gourgues<\/strong>, CDD Technicien (2001-2003).<\/li>\n\n\n\n<li><strong>Maya Belghazi<\/strong>, Etudiante en th\u00e8se, Ecole Polytechnique (1998-2001).<\/li>\n<\/ul>","protected":false},"excerpt":{"rendered":"<p>Responsable Prestation de Recherche Recherche et D\u00e9veloppement Anciens Membres<\/p>","protected":false},"author":1,"featured_media":0,"parent":0,"menu_order":0,"comment_status":"closed","ping_status":"closed","template":"","meta":{"footnotes":""},"class_list":["post-193","page","type-page","status-publish","hentry"],"aioseo_notices":[],"jetpack-related-posts":[],"jetpack_sharing_enabled":true,"_links":{"self":[{"href":"https:\/\/proteome.u-bordeaux.fr\/en\/wp-json\/wp\/v2\/pages\/193","targetHints":{"allow":["GET"]}}],"collection":[{"href":"https:\/\/proteome.u-bordeaux.fr\/en\/wp-json\/wp\/v2\/pages"}],"about":[{"href":"https:\/\/proteome.u-bordeaux.fr\/en\/wp-json\/wp\/v2\/types\/page"}],"author":[{"embeddable":true,"href":"https:\/\/proteome.u-bordeaux.fr\/en\/wp-json\/wp\/v2\/users\/1"}],"replies":[{"embeddable":true,"href":"https:\/\/proteome.u-bordeaux.fr\/en\/wp-json\/wp\/v2\/comments?post=193"}],"version-history":[{"count":35,"href":"https:\/\/proteome.u-bordeaux.fr\/en\/wp-json\/wp\/v2\/pages\/193\/revisions"}],"predecessor-version":[{"id":2243,"href":"https:\/\/proteome.u-bordeaux.fr\/en\/wp-json\/wp\/v2\/pages\/193\/revisions\/2243"}],"wp:attachment":[{"href":"https:\/\/proteome.u-bordeaux.fr\/en\/wp-json\/wp\/v2\/media?parent=193"}],"curies":[{"name":"wp","href":"https:\/\/api.w.org\/{rel}","templated":true}]}}