{"id":1864,"date":"2024-10-07T15:11:34","date_gmt":"2024-10-07T13:11:34","guid":{"rendered":"https:\/\/proteome.u-bordeaux.fr\/?page_id=1864"},"modified":"2024-10-07T15:17:40","modified_gmt":"2024-10-07T13:17:40","slug":"cir-credit-impot-recherche","status":"publish","type":"page","link":"https:\/\/proteome.u-bordeaux.fr\/en\/cir-credit-impot-recherche\/","title":{"rendered":"CIR &#8211; Cr\u00e9dit Imp\u00f4t Recherche"},"content":{"rendered":"<div class=\"wp-block-image\">\n<figure class=\"aligncenter size-full is-resized\"><img data-recalc-dims=\"1\" loading=\"lazy\" decoding=\"async\" width=\"750\" height=\"750\" src=\"https:\/\/i0.wp.com\/proteome.u-bordeaux.fr\/wp-content\/uploads\/2024\/10\/logo-agree-cir.png?resize=750%2C750&#038;ssl=1\" alt=\"\" class=\"wp-image-1865\" style=\"object-fit:cover;width:250px;height:250px\" srcset=\"https:\/\/i0.wp.com\/proteome.u-bordeaux.fr\/wp-content\/uploads\/2024\/10\/logo-agree-cir.png?w=800&amp;ssl=1 800w, https:\/\/i0.wp.com\/proteome.u-bordeaux.fr\/wp-content\/uploads\/2024\/10\/logo-agree-cir.png?resize=12%2C12&amp;ssl=1 12w, https:\/\/i0.wp.com\/proteome.u-bordeaux.fr\/wp-content\/uploads\/2024\/10\/logo-agree-cir.png?resize=150%2C150&amp;ssl=1 150w, https:\/\/i0.wp.com\/proteome.u-bordeaux.fr\/wp-content\/uploads\/2024\/10\/logo-agree-cir.png?resize=300%2C300&amp;ssl=1 300w, https:\/\/i0.wp.com\/proteome.u-bordeaux.fr\/wp-content\/uploads\/2024\/10\/logo-agree-cir.png?resize=768%2C768&amp;ssl=1 768w\" sizes=\"auto, (max-width: 750px) 100vw, 750px\" \/><\/figure>\n<\/div>\n\n\n<h3 class=\"wp-block-heading\">L&rsquo;agr\u00e9ment CIR<\/h3>\n\n\n\n<p>L\u2019ADERA dispose de l\u2019agr\u00e9ment CIR d\u00e9livr\u00e9 par le Minist\u00e8re de l\u2019enseignement sup\u00e9rieur et de la recherche.<br>Les entreprises partenaires qui confient \u00e0 Bordeaux Proteome leurs op\u00e9rations de R&amp;D peuvent b\u00e9n\u00e9ficier du cr\u00e9dit imp\u00f4t recherche sous r\u00e9serve de remplir les conditions d\u2019\u00e9ligibilit\u00e9 au CIR.<\/p>\n\n\n\n<h3 class=\"wp-block-heading\">Le CIR, c\u2019est quoi ?<\/h3>\n\n\n\n<p>Le Cr\u00e9dit d&rsquo;Imp\u00f4t Recherche (CIR) est un dispositif fiscal incitant les entreprises \u00e0 investir dans des activit\u00e9s de recherche et d\u00e9veloppement. Il permet de r\u00e9cup\u00e9rer une partie des d\u00e9penses engag\u00e9es sous forme de cr\u00e9dit d&rsquo;imp\u00f4t, dont le taux varie entre 30% et 50% (voir sur le site du minist\u00e8re)<\/p>","protected":false},"excerpt":{"rendered":"<p>L&rsquo;agr\u00e9ment CIR L\u2019ADERA dispose de l\u2019agr\u00e9ment CIR d\u00e9livr\u00e9 par le Minist\u00e8re de l\u2019enseignement sup\u00e9rieur et de la recherche.Les entreprises partenaires qui confient \u00e0 Bordeaux Proteome leurs op\u00e9rations de R&amp;D peuvent b\u00e9n\u00e9ficier du cr\u00e9dit imp\u00f4t recherche sous r\u00e9serve de remplir les conditions d\u2019\u00e9ligibilit\u00e9 au CIR. Le CIR, c\u2019est quoi ? Le [&hellip;]<\/p>\n","protected":false},"author":1,"featured_media":0,"parent":0,"menu_order":0,"comment_status":"closed","ping_status":"closed","template":"","meta":{"footnotes":""},"class_list":["post-1864","page","type-page","status-publish","hentry"],"aioseo_notices":[],"jetpack-related-posts":[],"jetpack_sharing_enabled":true,"_links":{"self":[{"href":"https:\/\/proteome.u-bordeaux.fr\/en\/wp-json\/wp\/v2\/pages\/1864","targetHints":{"allow":["GET"]}}],"collection":[{"href":"https:\/\/proteome.u-bordeaux.fr\/en\/wp-json\/wp\/v2\/pages"}],"about":[{"href":"https:\/\/proteome.u-bordeaux.fr\/en\/wp-json\/wp\/v2\/types\/page"}],"author":[{"embeddable":true,"href":"https:\/\/proteome.u-bordeaux.fr\/en\/wp-json\/wp\/v2\/users\/1"}],"replies":[{"embeddable":true,"href":"https:\/\/proteome.u-bordeaux.fr\/en\/wp-json\/wp\/v2\/comments?post=1864"}],"version-history":[{"count":2,"href":"https:\/\/proteome.u-bordeaux.fr\/en\/wp-json\/wp\/v2\/pages\/1864\/revisions"}],"predecessor-version":[{"id":1868,"href":"https:\/\/proteome.u-bordeaux.fr\/en\/wp-json\/wp\/v2\/pages\/1864\/revisions\/1868"}],"wp:attachment":[{"href":"https:\/\/proteome.u-bordeaux.fr\/en\/wp-json\/wp\/v2\/media?parent=1864"}],"curies":[{"name":"wp","href":"https:\/\/api.w.org\/{rel}","templated":true}]}}