{"id":1573,"date":"2024-01-25T14:00:35","date_gmt":"2024-01-25T13:00:35","guid":{"rendered":"https:\/\/proteome.u-bordeaux.fr\/?page_id=1573"},"modified":"2024-05-30T10:58:07","modified_gmt":"2024-05-30T08:58:07","slug":"journee-scientifique-2024","status":"publish","type":"page","link":"https:\/\/proteome.u-bordeaux.fr\/en\/journee-scientifique-2024\/","title":{"rendered":"Journ\u00e9es Bordeaux Proteome 2024"},"content":{"rendered":"<p class=\"has-text-align-justify\">Les journ\u00e9es de la plateforme Proteome ont pour but de r\u00e9unir les acteurs et utilisateurs de la prot\u00e9omique de Nouvelle Aquitaine pour \u00e9changer et faire rayonner les outils de la prot\u00e9omique au service des communaut\u00e9s de chimistes et de biologistes locales.<\/p>\n\n\n\n<p class=\"has-text-align-justify\">Les \u00e9quipes collaboratrices provenant de diff\u00e9rentes communaut\u00e9s (sant\u00e9, chimie, environnement) pourront pr\u00e9senter leurs travaux s\u2019appuyant sur l\u2019analyse prot\u00e9omique. La plateforme Bordeaux Proteome pr\u00e9sentera les derni\u00e8res nouveaut\u00e9s disponibles en termes d\u2019analyse prot\u00e9omique pour faire conna\u00eetre son savoir faire et susciter de nouvelles questions potentielles.<\/p>\n\n\n\n<p>La 1\/2 journ\u00e9es User&rsquo;s meeting du 23 mai sera suivie, le 24 mai, d&rsquo;un atelier technologique visant \u00e0 initier les participants aux principes de l&rsquo;analyse prot\u00e9omique, depuis la pr\u00e9paration des \u00e9chantillons jusqu&rsquo;au traitement des donn\u00e9es de LC-MS en passant par l&rsquo;acquisition des donn\u00e9es elles-m\u00eames.<\/p>\n\n\n\n<p>Le programme vise \u00e0 permettre aux utilisateurs de comprendre le processus d&rsquo;analyse prot\u00e9omique et d&rsquo;exploiter au mieux et en connaissance des limites, les r\u00e9sultats d&rsquo;un projet d&rsquo;analyse prot\u00e9omique.<\/p>\n\n\n\n<hr class=\"wp-block-separator has-alpha-channel-opacity\"\/>\n\n\n\n<p class=\"has-text-align-center\">L&rsquo;inscription aux 2 journ\u00e9es est ind\u00e9pendante.<\/p>\n\n\n\n<p class=\"has-text-align-center\">Date limite d&rsquo;inscription le 15 mai 2024<\/p>\n\n\n\n<hr class=\"wp-block-separator has-alpha-channel-opacity\"\/>\n\n\n\n<figure class=\"wp-block-table\"><table class=\"has-fixed-layout\"><tbody><tr><td class=\"has-text-align-center\" data-align=\"center\"><strong>Jeudi 23 mai<\/strong><br><strong>1\/2 Journ\u00e9e Scientifique<\/strong><\/td><td class=\"has-text-align-center\" data-align=\"center\"><strong>Vendredi 24 mai<\/strong><br><strong>Atelier technologique<\/strong><\/td><\/tr><tr><td class=\"has-text-align-center\" data-align=\"center\"><strong>9:00 &#8211; 9:30<\/strong><br>Accueil &#8211; Caf\u00e9<br><br><strong>9:30 &#8211; 9:45<\/strong><br>Caroline Tokarski<br>Directrice de Bordeaux Proteome<br>Welcome<br><br><strong>9:45 &#8211; 10:30<\/strong><br>Jo\u00eblle Vinh<br>SMBP CNRS Biological Mass Spectrometry and Proteomics Lab, ESPCI, Paris<br>Pr\u00e9sidente de la soci\u00e9t\u00e9 fran\u00e7aise de Spectrom\u00e9trie de Masse<br><br><strong>10:30 &#8211; 11:00<\/strong><br>Pause caf\u00e9<br><br><strong>11:00 &#8211; 11:30<\/strong><br>Rodrigue Rossignol<br>Maladies Rares : G\u00e9n\u00e9tique et M\u00e9tabolisme, Bordeaux<br><em>Proteomics of rare diseases: from pathophysiological analysis to therapeutic development<\/em><br><br><strong>11:30 &#8211; 12:00<\/strong><br>Florent Laferriere<br>Institut des Maladies Neurod\u00e9g\u00e9n\u00e9ratives, Bordeaux<br><em>Characterization of \u03b1-synuclein aggregates in Parkinson\u2019s disease and multiple system atrophy<\/em><br><br><strong>12:00 &#8211; 12:30<\/strong><br>Sylvain Miraux<br>Centre de R\u00e9sonance Magn\u00e9tique des Syst\u00e8mes Biologiques, Bordeaux<br> &amp;<br>Nicolas Desbenoit<br>Institut de Chimie &amp; Biologie des Membranes &amp; des Nano-objets, Bordeaux<br><em>Development of multimodal imaging combining magnetic resonance imaging (MRI) and mass spectrometry imaging (MALDI-MSI) applied to health<\/em><br><br><strong>12:30 &#8211; 14:00<\/strong><br>Repas<\/td><td class=\"has-text-align-center\" data-align=\"center\"><strong>8:45 &#8211; 09:00<\/strong><br>Accueil &#8211; Caf\u00e9<br><br><strong>9:00 &#8211; 9:25<\/strong><br>Tour de table<br><br><strong>9:25 &#8211; 10:55<\/strong><br>Principes de base en MS appliqu\u00e9e \u00e0 l&rsquo;analyse prot\u00e9omique<br>Caroline Tokarski<br><br><strong>10:55 &#8211; 11:15<\/strong><br>Pause caf\u00e9<br><br><strong>11:15 &#8211; 11:35<\/strong><br>Application PTM Glyco<br>Katell Bathany<br><br><strong>11:35 &#8211; 11:55<\/strong><br>Application Analyse Structurale<br>St\u00e9phane Chaignepain<br><br><strong>11:55 &#8211; 12:15<\/strong><br>Table ronde &#8211; Questions diverses<br><br><strong>12:15 &#8211; 13:45<\/strong><br>Repas<br><br><strong>13:45 &#8211; 14:05<\/strong><br>Application Imagerie Nicolas Desbenoit<br><br><strong>14:05 &#8211; 14:35<\/strong><br>Visite de la plateforme en 1\/2 groupe<br>Nicolas Desbenoit \/ St\u00e9phane Chaignepain<br><br><strong>14:35 &#8211; 15:35<\/strong><br>Pr\u00e9sentation LC-MS en 1\/2 groupe<br>Katell Bathany \/ St\u00e9phane Claverol<br><br><strong>15:35 &#8211; 17:00<\/strong><br>Data analysis<br>St\u00e9phane Claverol<br><br><strong>17:00 &#8211; 17:30<\/strong><br>Fin de la journ\u00e9e et questions diverses<br><br><\/td><\/tr><tr><td class=\"has-text-align-center\" data-align=\"center\"><strong><span style=\"text-decoration: underline;\"><a href=\"https:\/\/proteome.u-bordeaux.fr\/wp-content\/uploads\/2024\/04\/Flyer-demi-journee-scientifique-Bordeaux-Proteome.pdf\" target=\"_blank\" rel=\"noopener\" title=\"\">Flyer 1\/2 Journ\u00e9e Scientifique<\/a><\/span><\/strong><\/td><td class=\"has-text-align-center\" data-align=\"center\"><strong><span style=\"text-decoration: underline;\"><a href=\"https:\/\/proteome.u-bordeaux.fr\/wp-content\/uploads\/2024\/04\/Flyer-Atelier-Bordeaux-Proteome.pdf\" target=\"_blank\" rel=\"noopener\" title=\"\">Flyer Atelier Technologique<\/a><\/span><\/strong><\/td><\/tr><\/tbody><\/table><\/figure>\n\n\n\n<hr class=\"wp-block-separator has-alpha-channel-opacity\"\/>\n\n\n\n<p>Journ\u00e9es organis\u00e9es avec le soutien financier du d\u00e9partemnet STS (Sciences et Technologies pour la Sant\u00e9) de l&rsquo;Universit\u00e9 de Bordeaux et l&rsquo;UMR CNRS\/UB\/IPB CBMN (Institut de Chimie et Biologie des Membranes et Nano-Objets).<\/p>","protected":false},"excerpt":{"rendered":"<p>Les journ\u00e9es de la plateforme Proteome ont pour but de r\u00e9unir les acteurs et utilisateurs de la prot\u00e9omique de Nouvelle Aquitaine pour \u00e9changer et faire rayonner les outils de la prot\u00e9omique au service des communaut\u00e9s de chimistes et de biologistes locales. Les \u00e9quipes collaboratrices provenant de diff\u00e9rentes communaut\u00e9s (sant\u00e9, chimie, [&hellip;]<\/p>\n","protected":false},"author":1,"featured_media":0,"parent":0,"menu_order":0,"comment_status":"closed","ping_status":"closed","template":"","meta":{"footnotes":""},"class_list":["post-1573","page","type-page","status-publish","hentry"],"aioseo_notices":[],"jetpack-related-posts":[],"jetpack_sharing_enabled":true,"_links":{"self":[{"href":"https:\/\/proteome.u-bordeaux.fr\/en\/wp-json\/wp\/v2\/pages\/1573","targetHints":{"allow":["GET"]}}],"collection":[{"href":"https:\/\/proteome.u-bordeaux.fr\/en\/wp-json\/wp\/v2\/pages"}],"about":[{"href":"https:\/\/proteome.u-bordeaux.fr\/en\/wp-json\/wp\/v2\/types\/page"}],"author":[{"embeddable":true,"href":"https:\/\/proteome.u-bordeaux.fr\/en\/wp-json\/wp\/v2\/users\/1"}],"replies":[{"embeddable":true,"href":"https:\/\/proteome.u-bordeaux.fr\/en\/wp-json\/wp\/v2\/comments?post=1573"}],"version-history":[{"count":27,"href":"https:\/\/proteome.u-bordeaux.fr\/en\/wp-json\/wp\/v2\/pages\/1573\/revisions"}],"predecessor-version":[{"id":1788,"href":"https:\/\/proteome.u-bordeaux.fr\/en\/wp-json\/wp\/v2\/pages\/1573\/revisions\/1788"}],"wp:attachment":[{"href":"https:\/\/proteome.u-bordeaux.fr\/en\/wp-json\/wp\/v2\/media?parent=1573"}],"curies":[{"name":"wp","href":"https:\/\/api.w.org\/{rel}","templated":true}]}}